{"id":1576,"date":"2021-07-21T15:19:08","date_gmt":"2021-07-21T13:19:08","guid":{"rendered":"https:\/\/www.texen.com\/?page_id=1576"},"modified":"2025-06-23T11:52:11","modified_gmt":"2025-06-23T09:52:11","slug":"accessoires","status":"publish","type":"page","link":"https:\/\/www.texen.com\/en\/nos-marches\/nos-standards\/accessoires\/","title":{"rendered":"Accessoires"},"content":{"rendered":"","protected":false},"excerpt":{"rendered":"","protected":false},"author":15,"featured_media":0,"parent":514,"menu_order":0,"comment_status":"closed","ping_status":"closed","template":"templates\/template-produits-case-study.php","meta":{"_acf_changed":false,"inline_featured_image":false,"footnotes":""},"class_list":["post-1576","page","type-page","status-publish","hentry"],"acf":{"actualites":"","push_pages":[{"texte_push":"Nos march\u00e9s","page":"https:\/\/www.texen.com\/en\/markets-offer\/"},{"texte_push":"Tottle","page":"https:\/\/www.texen.com\/en\/nos-marches\/nos-standards\/tottle\/"}],"header-img":6545,"titre_page":"Eco-chouveil","texte_intro":"","chapeau":"","apercu_img":237,"etapes":[{"titre_du_bloc":"Gua Sha","image":"https:\/\/www.texen.com\/app\/uploads\/2021\/10\/Accessoires_GuaSha-scaled.jpg","texte":"Texen a sorti une collection compl\u00e8te d'accessoires de massage d\u00e9clin\u00e9e en diverses formes et diverses pierres.\r\nPossibilit\u00e9 de d\u00e9velopper leur forme sur-mesure et d'en choisir les d\u00e9cors : gravure, s\u00e9rigraphie, marquage \u00e0 chaud"},{"titre_du_bloc":"Su\u00e9dines","image":"https:\/\/www.texen.com\/app\/uploads\/2022\/01\/Su\u00e9dines.jpg","texte":"Texen propose une collection compl\u00e8te de su\u00e9dines, 100% personnalisables et fabriqu\u00e9es en rPET. \r\nElles se d\u00e9clinent en velours, toile de coton ou flanelle et dans toutes les teintes, pour des d\u00e9cors exclusifs en marquage \u00e0 chaud "},{"titre_du_bloc":"Roll-on","image":"https:\/\/www.texen.com\/app\/uploads\/2022\/11\/Visuel4.png","texte":"  "},{"titre_du_bloc":"Pinceaux Be You","image":"https:\/\/www.texen.com\/app\/uploads\/2022\/11\/Pinceaux-Be-You-scaled.jpg","texte":" "},{"titre_du_bloc":"Pinceaux Be Luxe","image":"https:\/\/www.texen.com\/app\/uploads\/2022\/11\/Be-Luxe-brush-scaled.jpg","texte":" "}]},"yoast_head":"<!-- This site is optimized with the Yoast SEO plugin v27.3 - https:\/\/yoast.com\/product\/yoast-seo-wordpress\/ -->\n<title>Accessoires - Texen<\/title>\n<meta name=\"robots\" content=\"index, follow, max-snippet:-1, max-image-preview:large, max-video-preview:-1\" \/>\n<link rel=\"canonical\" href=\"https:\/\/www.texen.com\/nos-marches\/nos-standards\/accessoires\/\" \/>\n<meta property=\"og:locale\" content=\"en_US\" \/>\n<meta property=\"og:type\" content=\"article\" \/>\n<meta property=\"og:title\" content=\"Accessoires - Texen\" \/>\n<meta property=\"og:url\" content=\"https:\/\/www.texen.com\/nos-marches\/nos-standards\/accessoires\/\" \/>\n<meta property=\"og:site_name\" content=\"Texen\" \/>\n<meta property=\"article:modified_time\" content=\"2025-06-23T09:52:11+00:00\" \/>\n<meta name=\"twitter:card\" content=\"summary_large_image\" \/>\n<script type=\"application\/ld+json\" class=\"yoast-schema-graph\">{\"@context\":\"https:\\\/\\\/schema.org\",\"@graph\":[{\"@type\":\"WebPage\",\"@id\":\"https:\\\/\\\/www.texen.com\\\/nos-marches\\\/nos-standards\\\/accessoires\\\/\",\"url\":\"https:\\\/\\\/www.texen.com\\\/nos-marches\\\/nos-standards\\\/accessoires\\\/\",\"name\":\"Accessoires - Texen\",\"isPartOf\":{\"@id\":\"https:\\\/\\\/www.texen.com\\\/#website\"},\"datePublished\":\"2021-07-21T13:19:08+00:00\",\"dateModified\":\"2025-06-23T09:52:11+00:00\",\"breadcrumb\":{\"@id\":\"https:\\\/\\\/www.texen.com\\\/nos-marches\\\/nos-standards\\\/accessoires\\\/#breadcrumb\"},\"inLanguage\":\"en-US\",\"potentialAction\":[{\"@type\":\"ReadAction\",\"target\":[\"https:\\\/\\\/www.texen.com\\\/nos-marches\\\/nos-standards\\\/accessoires\\\/\"]}]},{\"@type\":\"BreadcrumbList\",\"@id\":\"https:\\\/\\\/www.texen.com\\\/nos-marches\\\/nos-standards\\\/accessoires\\\/#breadcrumb\",\"itemListElement\":[{\"@type\":\"ListItem\",\"position\":1,\"name\":\"March\u00e9s &amp; Offre\",\"item\":\"https:\\\/\\\/www.texen.com\\\/nos-marches\\\/\"},{\"@type\":\"ListItem\",\"position\":2,\"name\":\"Produits standards\",\"item\":\"https:\\\/\\\/www.texen.com\\\/nos-marches\\\/nos-standards\\\/\"},{\"@type\":\"ListItem\",\"position\":3,\"name\":\"Accessoires\"}]},{\"@type\":\"WebSite\",\"@id\":\"https:\\\/\\\/www.texen.com\\\/#website\",\"url\":\"https:\\\/\\\/www.texen.com\\\/\",\"name\":\"Texen\",\"description\":\"Un site utilisant Les sites de PSB-Industries\",\"publisher\":{\"@id\":\"https:\\\/\\\/www.texen.com\\\/#organization\"},\"potentialAction\":[{\"@type\":\"SearchAction\",\"target\":{\"@type\":\"EntryPoint\",\"urlTemplate\":\"https:\\\/\\\/www.texen.com\\\/?s={search_term_string}\"},\"query-input\":{\"@type\":\"PropertyValueSpecification\",\"valueRequired\":true,\"valueName\":\"search_term_string\"}}],\"inLanguage\":\"en-US\"},{\"@type\":\"Organization\",\"@id\":\"https:\\\/\\\/www.texen.com\\\/#organization\",\"name\":\"Texen\",\"url\":\"https:\\\/\\\/www.texen.com\\\/\",\"logo\":{\"@type\":\"ImageObject\",\"inLanguage\":\"en-US\",\"@id\":\"https:\\\/\\\/www.texen.com\\\/#\\\/schema\\\/logo\\\/image\\\/\",\"url\":\"https:\\\/\\\/www.texen.com\\\/app\\\/uploads\\\/2026\\\/03\\\/cropped-cropped-Capture-decran-2026-03-30-101410-1-1.jpg\",\"contentUrl\":\"https:\\\/\\\/www.texen.com\\\/app\\\/uploads\\\/2026\\\/03\\\/cropped-cropped-Capture-decran-2026-03-30-101410-1-1.jpg\",\"width\":1200,\"height\":156,\"caption\":\"Texen\"},\"image\":{\"@id\":\"https:\\\/\\\/www.texen.com\\\/#\\\/schema\\\/logo\\\/image\\\/\"}}]}<\/script>\n<!-- \/ Yoast SEO plugin. -->","yoast_head_json":{"title":"Accessoires - Texen","robots":{"index":"index","follow":"follow","max-snippet":"max-snippet:-1","max-image-preview":"max-image-preview:large","max-video-preview":"max-video-preview:-1"},"canonical":"https:\/\/www.texen.com\/nos-marches\/nos-standards\/accessoires\/","og_locale":"en_US","og_type":"article","og_title":"Accessoires - Texen","og_url":"https:\/\/www.texen.com\/nos-marches\/nos-standards\/accessoires\/","og_site_name":"Texen","article_modified_time":"2025-06-23T09:52:11+00:00","twitter_card":"summary_large_image","schema":{"@context":"https:\/\/schema.org","@graph":[{"@type":"WebPage","@id":"https:\/\/www.texen.com\/nos-marches\/nos-standards\/accessoires\/","url":"https:\/\/www.texen.com\/nos-marches\/nos-standards\/accessoires\/","name":"Accessoires - Texen","isPartOf":{"@id":"https:\/\/www.texen.com\/#website"},"datePublished":"2021-07-21T13:19:08+00:00","dateModified":"2025-06-23T09:52:11+00:00","breadcrumb":{"@id":"https:\/\/www.texen.com\/nos-marches\/nos-standards\/accessoires\/#breadcrumb"},"inLanguage":"en-US","potentialAction":[{"@type":"ReadAction","target":["https:\/\/www.texen.com\/nos-marches\/nos-standards\/accessoires\/"]}]},{"@type":"BreadcrumbList","@id":"https:\/\/www.texen.com\/nos-marches\/nos-standards\/accessoires\/#breadcrumb","itemListElement":[{"@type":"ListItem","position":1,"name":"March\u00e9s &amp; Offre","item":"https:\/\/www.texen.com\/nos-marches\/"},{"@type":"ListItem","position":2,"name":"Produits standards","item":"https:\/\/www.texen.com\/nos-marches\/nos-standards\/"},{"@type":"ListItem","position":3,"name":"Accessoires"}]},{"@type":"WebSite","@id":"https:\/\/www.texen.com\/#website","url":"https:\/\/www.texen.com\/","name":"Texen","description":"Un site utilisant Les sites de PSB-Industries","publisher":{"@id":"https:\/\/www.texen.com\/#organization"},"potentialAction":[{"@type":"SearchAction","target":{"@type":"EntryPoint","urlTemplate":"https:\/\/www.texen.com\/?s={search_term_string}"},"query-input":{"@type":"PropertyValueSpecification","valueRequired":true,"valueName":"search_term_string"}}],"inLanguage":"en-US"},{"@type":"Organization","@id":"https:\/\/www.texen.com\/#organization","name":"Texen","url":"https:\/\/www.texen.com\/","logo":{"@type":"ImageObject","inLanguage":"en-US","@id":"https:\/\/www.texen.com\/#\/schema\/logo\/image\/","url":"https:\/\/www.texen.com\/app\/uploads\/2026\/03\/cropped-cropped-Capture-decran-2026-03-30-101410-1-1.jpg","contentUrl":"https:\/\/www.texen.com\/app\/uploads\/2026\/03\/cropped-cropped-Capture-decran-2026-03-30-101410-1-1.jpg","width":1200,"height":156,"caption":"Texen"},"image":{"@id":"https:\/\/www.texen.com\/#\/schema\/logo\/image\/"}}]}},"_links":{"self":[{"href":"https:\/\/www.texen.com\/en\/wp-json\/wp\/v2\/pages\/1576","targetHints":{"allow":["GET"]}}],"collection":[{"href":"https:\/\/www.texen.com\/en\/wp-json\/wp\/v2\/pages"}],"about":[{"href":"https:\/\/www.texen.com\/en\/wp-json\/wp\/v2\/types\/page"}],"author":[{"embeddable":true,"href":"https:\/\/www.texen.com\/en\/wp-json\/wp\/v2\/users\/15"}],"replies":[{"embeddable":true,"href":"https:\/\/www.texen.com\/en\/wp-json\/wp\/v2\/comments?post=1576"}],"version-history":[{"count":15,"href":"https:\/\/www.texen.com\/en\/wp-json\/wp\/v2\/pages\/1576\/revisions"}],"predecessor-version":[{"id":7167,"href":"https:\/\/www.texen.com\/en\/wp-json\/wp\/v2\/pages\/1576\/revisions\/7167"}],"up":[{"embeddable":true,"href":"https:\/\/www.texen.com\/en\/wp-json\/wp\/v2\/pages\/514"}],"wp:attachment":[{"href":"https:\/\/www.texen.com\/en\/wp-json\/wp\/v2\/media?parent=1576"}],"curies":[{"name":"wp","href":"https:\/\/api.w.org\/{rel}","templated":true}]}}