{"id":1662,"date":"2021-10-25T15:45:03","date_gmt":"2021-10-25T13:45:03","guid":{"rendered":"https:\/\/www.texen.com\/?page_id=1662"},"modified":"2024-11-14T15:15:05","modified_gmt":"2024-11-14T14:15:05","slug":"tottle","status":"publish","type":"page","link":"https:\/\/www.texen.com\/en\/nos-marches\/nos-standards\/tottle\/","title":{"rendered":"Tottle"},"content":{"rendered":"","protected":false},"excerpt":{"rendered":"","protected":false},"author":15,"featured_media":0,"parent":514,"menu_order":0,"comment_status":"closed","ping_status":"closed","template":"templates\/template-produits-case-study.php","meta":{"_acf_changed":false,"inline_featured_image":false,"footnotes":""},"class_list":["post-1662","page","type-page","status-publish","hentry"],"acf":{"chapeau":"","apercu_img":237,"articles":[{"acf_fc_layout":"bloc_texte","texte":"<h2>Beautifull Me<\/h2>\n<p>Expert du pack mascara, Texen propose une offre exclusive orient\u00e9e vers le r\u00e9sultat maquillage (volume, longueur, tenue&#8230;). Les 8 solutions tiennent la promesse d\u2019un accord subtil entre une brosse, un essoreur et une formule. Ensuite, les marques peuvent se consacrer uniquement au d\u00e9veloppement d\u2019un pack standard ou sp\u00e9cifique.<br \/>\nLe groupe se fait ma\u00eetre d\u2019\u0153uvre de solutions clefs en main, agiles et comp\u00e9titives, garantissant le suivi de l\u2019ensemble de la cha\u00eene de d\u00e9veloppement, r\u00e9duisant les co\u00fbts et le time-to-market.<\/p>\n<p><a href=\"https:\/\/www.texen.com\/nos-marches\/maquillage\/test-case-study-maquillage\/\"><button class=\"wysiwyg-btn btn btn-action btn-animate\">Mascara Martine Cosmetics<\/button><\/a><\/p>\n<p><img loading=\"lazy\" decoding=\"async\" class=\"alignnone wp-image-759 size-large\" src=\"http:\/\/www.psb-industries.com\/app\/uploads\/sites\/2\/2021\/01\/Collection-Mascara-Beautifull-Me-by-Texen-1024x724.jpg\" alt=\"\" width=\"640\" height=\"453\" srcset=\"https:\/\/www.texen.com\/app\/uploads\/2021\/01\/Collection-Mascara-Beautifull-Me-by-Texen-1024x724.jpg 1024w, https:\/\/www.texen.com\/app\/uploads\/2021\/01\/Collection-Mascara-Beautifull-Me-by-Texen-300x212.jpg 300w, https:\/\/www.texen.com\/app\/uploads\/2021\/01\/Collection-Mascara-Beautifull-Me-by-Texen-768x543.jpg 768w, https:\/\/www.texen.com\/app\/uploads\/2021\/01\/Collection-Mascara-Beautifull-Me-by-Texen-1536x1086.jpg 1536w, https:\/\/www.texen.com\/app\/uploads\/2021\/01\/Collection-Mascara-Beautifull-Me-by-Texen-2048x1448.jpg 2048w\" sizes=\"auto, (max-width: 640px) 100vw, 640px\" \/><\/p>\n"}],"actualites":"","push_pages":[{"texte_push":"Nos march\u00e9s","page":"https:\/\/www.texen.com\/en\/markets-offer\/"},{"texte_push":"La Sweet Collection","page":"https:\/\/www.texen.com\/en\/nos-marches\/nos-standards\/la-sweet-collection\/"}],"header-img":6545,"titre_page":"Tottle","texte_intro":"","etapes":[{"titre_du_bloc":"Tottle RPET","image":"https:\/\/www.texen.com\/app\/uploads\/2021\/10\/Standard_-Tottle-1-scaled.jpg","texte":"  "}]},"yoast_head":"<!-- This site is optimized with the Yoast SEO plugin v27.5 - https:\/\/yoast.com\/product\/yoast-seo-wordpress\/ -->\n<title>Tottle - Texen<\/title>\n<meta name=\"robots\" content=\"index, follow, max-snippet:-1, max-image-preview:large, max-video-preview:-1\" \/>\n<link rel=\"canonical\" href=\"https:\/\/www.texen.com\/nos-marches\/nos-standards\/tottle\/\" \/>\n<meta property=\"og:locale\" content=\"en_US\" \/>\n<meta property=\"og:type\" content=\"article\" \/>\n<meta property=\"og:title\" content=\"Tottle - Texen\" \/>\n<meta property=\"og:url\" content=\"https:\/\/www.texen.com\/nos-marches\/nos-standards\/tottle\/\" \/>\n<meta property=\"og:site_name\" content=\"Texen\" \/>\n<meta property=\"article:modified_time\" content=\"2024-11-14T14:15:05+00:00\" \/>\n<meta name=\"twitter:card\" content=\"summary_large_image\" \/>\n<script type=\"application\/ld+json\" class=\"yoast-schema-graph\">{\"@context\":\"https:\\\/\\\/schema.org\",\"@graph\":[{\"@type\":\"WebPage\",\"@id\":\"https:\\\/\\\/www.texen.com\\\/nos-marches\\\/nos-standards\\\/tottle\\\/\",\"url\":\"https:\\\/\\\/www.texen.com\\\/nos-marches\\\/nos-standards\\\/tottle\\\/\",\"name\":\"Tottle - Texen\",\"isPartOf\":{\"@id\":\"https:\\\/\\\/www.texen.com\\\/#website\"},\"datePublished\":\"2021-10-25T13:45:03+00:00\",\"dateModified\":\"2024-11-14T14:15:05+00:00\",\"breadcrumb\":{\"@id\":\"https:\\\/\\\/www.texen.com\\\/nos-marches\\\/nos-standards\\\/tottle\\\/#breadcrumb\"},\"inLanguage\":\"en-US\",\"potentialAction\":[{\"@type\":\"ReadAction\",\"target\":[\"https:\\\/\\\/www.texen.com\\\/nos-marches\\\/nos-standards\\\/tottle\\\/\"]}]},{\"@type\":\"BreadcrumbList\",\"@id\":\"https:\\\/\\\/www.texen.com\\\/nos-marches\\\/nos-standards\\\/tottle\\\/#breadcrumb\",\"itemListElement\":[{\"@type\":\"ListItem\",\"position\":1,\"name\":\"March\u00e9s &amp; Offre\",\"item\":\"https:\\\/\\\/www.texen.com\\\/nos-marches\\\/\"},{\"@type\":\"ListItem\",\"position\":2,\"name\":\"Produits standards\",\"item\":\"https:\\\/\\\/www.texen.com\\\/nos-marches\\\/nos-standards\\\/\"},{\"@type\":\"ListItem\",\"position\":3,\"name\":\"Tottle\"}]},{\"@type\":\"WebSite\",\"@id\":\"https:\\\/\\\/www.texen.com\\\/#website\",\"url\":\"https:\\\/\\\/www.texen.com\\\/\",\"name\":\"Texen\",\"description\":\"Un site utilisant Les sites de PSB-Industries\",\"publisher\":{\"@id\":\"https:\\\/\\\/www.texen.com\\\/#organization\"},\"potentialAction\":[{\"@type\":\"SearchAction\",\"target\":{\"@type\":\"EntryPoint\",\"urlTemplate\":\"https:\\\/\\\/www.texen.com\\\/?s={search_term_string}\"},\"query-input\":{\"@type\":\"PropertyValueSpecification\",\"valueRequired\":true,\"valueName\":\"search_term_string\"}}],\"inLanguage\":\"en-US\"},{\"@type\":\"Organization\",\"@id\":\"https:\\\/\\\/www.texen.com\\\/#organization\",\"name\":\"Texen\",\"url\":\"https:\\\/\\\/www.texen.com\\\/\",\"logo\":{\"@type\":\"ImageObject\",\"inLanguage\":\"en-US\",\"@id\":\"https:\\\/\\\/www.texen.com\\\/#\\\/schema\\\/logo\\\/image\\\/\",\"url\":\"https:\\\/\\\/www.texen.com\\\/app\\\/uploads\\\/2026\\\/03\\\/cropped-cropped-Capture-decran-2026-03-30-101410-1-1.jpg\",\"contentUrl\":\"https:\\\/\\\/www.texen.com\\\/app\\\/uploads\\\/2026\\\/03\\\/cropped-cropped-Capture-decran-2026-03-30-101410-1-1.jpg\",\"width\":1200,\"height\":156,\"caption\":\"Texen\"},\"image\":{\"@id\":\"https:\\\/\\\/www.texen.com\\\/#\\\/schema\\\/logo\\\/image\\\/\"}}]}<\/script>\n<!-- \/ Yoast SEO plugin. -->","yoast_head_json":{"title":"Tottle - Texen","robots":{"index":"index","follow":"follow","max-snippet":"max-snippet:-1","max-image-preview":"max-image-preview:large","max-video-preview":"max-video-preview:-1"},"canonical":"https:\/\/www.texen.com\/nos-marches\/nos-standards\/tottle\/","og_locale":"en_US","og_type":"article","og_title":"Tottle - Texen","og_url":"https:\/\/www.texen.com\/nos-marches\/nos-standards\/tottle\/","og_site_name":"Texen","article_modified_time":"2024-11-14T14:15:05+00:00","twitter_card":"summary_large_image","schema":{"@context":"https:\/\/schema.org","@graph":[{"@type":"WebPage","@id":"https:\/\/www.texen.com\/nos-marches\/nos-standards\/tottle\/","url":"https:\/\/www.texen.com\/nos-marches\/nos-standards\/tottle\/","name":"Tottle - Texen","isPartOf":{"@id":"https:\/\/www.texen.com\/#website"},"datePublished":"2021-10-25T13:45:03+00:00","dateModified":"2024-11-14T14:15:05+00:00","breadcrumb":{"@id":"https:\/\/www.texen.com\/nos-marches\/nos-standards\/tottle\/#breadcrumb"},"inLanguage":"en-US","potentialAction":[{"@type":"ReadAction","target":["https:\/\/www.texen.com\/nos-marches\/nos-standards\/tottle\/"]}]},{"@type":"BreadcrumbList","@id":"https:\/\/www.texen.com\/nos-marches\/nos-standards\/tottle\/#breadcrumb","itemListElement":[{"@type":"ListItem","position":1,"name":"March\u00e9s &amp; Offre","item":"https:\/\/www.texen.com\/nos-marches\/"},{"@type":"ListItem","position":2,"name":"Produits standards","item":"https:\/\/www.texen.com\/nos-marches\/nos-standards\/"},{"@type":"ListItem","position":3,"name":"Tottle"}]},{"@type":"WebSite","@id":"https:\/\/www.texen.com\/#website","url":"https:\/\/www.texen.com\/","name":"Texen","description":"Un site utilisant Les sites de PSB-Industries","publisher":{"@id":"https:\/\/www.texen.com\/#organization"},"potentialAction":[{"@type":"SearchAction","target":{"@type":"EntryPoint","urlTemplate":"https:\/\/www.texen.com\/?s={search_term_string}"},"query-input":{"@type":"PropertyValueSpecification","valueRequired":true,"valueName":"search_term_string"}}],"inLanguage":"en-US"},{"@type":"Organization","@id":"https:\/\/www.texen.com\/#organization","name":"Texen","url":"https:\/\/www.texen.com\/","logo":{"@type":"ImageObject","inLanguage":"en-US","@id":"https:\/\/www.texen.com\/#\/schema\/logo\/image\/","url":"https:\/\/www.texen.com\/app\/uploads\/2026\/03\/cropped-cropped-Capture-decran-2026-03-30-101410-1-1.jpg","contentUrl":"https:\/\/www.texen.com\/app\/uploads\/2026\/03\/cropped-cropped-Capture-decran-2026-03-30-101410-1-1.jpg","width":1200,"height":156,"caption":"Texen"},"image":{"@id":"https:\/\/www.texen.com\/#\/schema\/logo\/image\/"}}]}},"_links":{"self":[{"href":"https:\/\/www.texen.com\/en\/wp-json\/wp\/v2\/pages\/1662","targetHints":{"allow":["GET"]}}],"collection":[{"href":"https:\/\/www.texen.com\/en\/wp-json\/wp\/v2\/pages"}],"about":[{"href":"https:\/\/www.texen.com\/en\/wp-json\/wp\/v2\/types\/page"}],"author":[{"embeddable":true,"href":"https:\/\/www.texen.com\/en\/wp-json\/wp\/v2\/users\/15"}],"replies":[{"embeddable":true,"href":"https:\/\/www.texen.com\/en\/wp-json\/wp\/v2\/comments?post=1662"}],"version-history":[{"count":4,"href":"https:\/\/www.texen.com\/en\/wp-json\/wp\/v2\/pages\/1662\/revisions"}],"predecessor-version":[{"id":6861,"href":"https:\/\/www.texen.com\/en\/wp-json\/wp\/v2\/pages\/1662\/revisions\/6861"}],"up":[{"embeddable":true,"href":"https:\/\/www.texen.com\/en\/wp-json\/wp\/v2\/pages\/514"}],"wp:attachment":[{"href":"https:\/\/www.texen.com\/en\/wp-json\/wp\/v2\/media?parent=1662"}],"curies":[{"name":"wp","href":"https:\/\/api.w.org\/{rel}","templated":true}]}}