{"id":459,"date":"2020-07-15T16:16:59","date_gmt":"2020-07-15T14:16:59","guid":{"rendered":"https:\/\/www.texen.com\/soins\/"},"modified":"2024-11-14T15:33:44","modified_gmt":"2024-11-14T14:33:44","slug":"skincare","status":"publish","type":"page","link":"https:\/\/www.texen.com\/en\/markets-offer\/skincare\/","title":{"rendered":"Skincare"},"content":{"rendered":"","protected":false},"excerpt":{"rendered":"","protected":false},"author":8,"featured_media":0,"parent":471,"menu_order":2,"comment_status":"closed","ping_status":"closed","template":"templates\/template-listing-produits.php","meta":{"_acf_changed":false,"inline_featured_image":false,"footnotes":""},"class_list":["post-459","page","type-page","status-publish","hentry"],"acf":{"chapeau":"Texen promotes efficient skincare product application focused on well-being for a demanding consumer.\r\n","header-img":6546,"apercu_img":379,"titre_page":"Skincare","texte_intro":"<p><em>Texen promotes efficient skincare product application focused on well-being for a demanding consumer.<\/em><\/p>\n","actualites":"","push_pages":[{"texte_push":"DISCOVER OUR OTHER MARKETS","page":"https:\/\/www.texen.com\/en\/markets-offer\/"}],"etapes":[{"titre_du_bloc":"Capot My Clarins","image":"https:\/\/www.texen.com\/app\/uploads\/2021\/01\/Capot-My-Clarins-Texen-scaled.jpg","texte":"Un capot en 2 teintes pour 3 r\u00e9f\u00e9rences d\u2019une ligne \u00e9thique. \r\nL\u2019injection et l\u2019assemblage en ligne des 2 parties donnent l\u2019illusion parfaite d\u2019un capot en une seule pi\u00e8ce. Le traitement de la mati\u00e8re dans le moule r\u00e9v\u00e8le le contraste mat\/ brillant.\r\nAu vissage du capot, le logo tampographi\u00e9 vient s\u2019orienter face au d\u00e9cor du pot. Cet ajustement au millim\u00e8tre a \u00e9t\u00e9 rendu possible par la minutie des r\u00e9glages machines et du contr\u00f4le cam\u00e9ra.  \r\nLa technique au service de l\u2019esth\u00e9tique."},{"titre_du_bloc":"Belle de Jour de Kenzoki","image":"https:\/\/www.texen.com\/app\/uploads\/2021\/01\/Belle-de-jour-Kenzoki-Texen-scaled.jpg","texte":"Pour la gr\u00e2ce d\u2019un produit iconique, Texen d\u00e9ploie la technique d\u2019impression 3D.\r\n \r\nCe capot en PP teint\u00e9 noir doit la couleur et la finesse de son d\u00e9cor \u00e0 une impression num\u00e9rique. La technique promet souplesse d\u2019ex\u00e9cution et parfaite restitution de la photo originale.\r\n\r\nAgilit\u00e9, qualit\u00e9, souplesse, co\u00fbt, le process a rempli le cahier des charges de la marque, et reste pour Texen un sujet d\u2019innovation prometteur."},{"titre_du_bloc":"Lanc\u00f4me - Elixir Ultime d\u2019Absolue l\u2019Extrait","image":"https:\/\/www.texen.com\/app\/uploads\/2021\/01\/Lancome-Cupule.jpg","texte":"Lanc\u00f4me force le respect avec sa cupule rechargeable associ\u00e9e \u00e0 un pot d\u2019une grande \u00e9l\u00e9gance.\r\n\r\nCette cupule inject\u00e9e r\u00e9v\u00e8le son d\u00e9cor en transparence dans le pot gr\u00e2ce \u00e0 de multiples passes de tampographie et un parfait rep\u00e9rage des d\u00e9cors. Un ing\u00e9nieux syst\u00e8me de clipsage garantit au produit son confort d\u2019usage et sa fonction rechargeable. \r\n\r\nL\u2019\u00e9coconception au service d\u2019un nouveau geste consommateur responsable."},{"titre_du_bloc":"Lorem","image":"https:\/\/www.texen.com\/app\/uploads\/2020\/07\/logo-texen-3.svg","texte":"Lorem ipsum"}]},"yoast_head":"<!-- This site is optimized with the Yoast SEO plugin v27.3 - https:\/\/yoast.com\/product\/yoast-seo-wordpress\/ -->\n<title>Skincare - Texen<\/title>\n<meta name=\"description\" content=\"Texen promotes efficient skincare product application focused on well-being for a demanding consumer.\" \/>\n<meta name=\"robots\" content=\"index, follow, max-snippet:-1, max-image-preview:large, max-video-preview:-1\" \/>\n<link rel=\"canonical\" href=\"https:\/\/www.texen.com\/en\/markets-offer\/skincare\/\" \/>\n<meta property=\"og:locale\" content=\"en_US\" \/>\n<meta property=\"og:type\" content=\"article\" \/>\n<meta property=\"og:title\" content=\"Skincare - Texen\" \/>\n<meta property=\"og:description\" content=\"Texen promotes efficient skincare product application focused on well-being for a demanding consumer.\" \/>\n<meta property=\"og:url\" content=\"https:\/\/www.texen.com\/en\/markets-offer\/skincare\/\" \/>\n<meta property=\"og:site_name\" content=\"Texen\" \/>\n<meta property=\"article:modified_time\" content=\"2024-11-14T14:33:44+00:00\" \/>\n<meta name=\"twitter:card\" content=\"summary_large_image\" \/>\n<script type=\"application\/ld+json\" class=\"yoast-schema-graph\">{\"@context\":\"https:\\\/\\\/schema.org\",\"@graph\":[{\"@type\":\"WebPage\",\"@id\":\"https:\\\/\\\/www.texen.com\\\/en\\\/markets-offer\\\/skincare\\\/\",\"url\":\"https:\\\/\\\/www.texen.com\\\/en\\\/markets-offer\\\/skincare\\\/\",\"name\":\"Skincare - Texen\",\"isPartOf\":{\"@id\":\"https:\\\/\\\/www.texen.com\\\/#website\"},\"datePublished\":\"2020-07-15T14:16:59+00:00\",\"dateModified\":\"2024-11-14T14:33:44+00:00\",\"description\":\"Texen promotes efficient skincare product application focused on well-being for a demanding consumer.\",\"breadcrumb\":{\"@id\":\"https:\\\/\\\/www.texen.com\\\/en\\\/markets-offer\\\/skincare\\\/#breadcrumb\"},\"inLanguage\":\"en-US\",\"potentialAction\":[{\"@type\":\"ReadAction\",\"target\":[\"https:\\\/\\\/www.texen.com\\\/en\\\/markets-offer\\\/skincare\\\/\"]}]},{\"@type\":\"BreadcrumbList\",\"@id\":\"https:\\\/\\\/www.texen.com\\\/en\\\/markets-offer\\\/skincare\\\/#breadcrumb\",\"itemListElement\":[{\"@type\":\"ListItem\",\"position\":1,\"name\":\"Markets &amp; Offer\",\"item\":\"https:\\\/\\\/www.texen.com\\\/en\\\/markets-offer\\\/\"},{\"@type\":\"ListItem\",\"position\":2,\"name\":\"Skincare\"}]},{\"@type\":\"WebSite\",\"@id\":\"https:\\\/\\\/www.texen.com\\\/#website\",\"url\":\"https:\\\/\\\/www.texen.com\\\/\",\"name\":\"Texen\",\"description\":\"Un site utilisant Les sites de PSB-Industries\",\"publisher\":{\"@id\":\"https:\\\/\\\/www.texen.com\\\/#organization\"},\"potentialAction\":[{\"@type\":\"SearchAction\",\"target\":{\"@type\":\"EntryPoint\",\"urlTemplate\":\"https:\\\/\\\/www.texen.com\\\/?s={search_term_string}\"},\"query-input\":{\"@type\":\"PropertyValueSpecification\",\"valueRequired\":true,\"valueName\":\"search_term_string\"}}],\"inLanguage\":\"en-US\"},{\"@type\":\"Organization\",\"@id\":\"https:\\\/\\\/www.texen.com\\\/#organization\",\"name\":\"Texen\",\"url\":\"https:\\\/\\\/www.texen.com\\\/\",\"logo\":{\"@type\":\"ImageObject\",\"inLanguage\":\"en-US\",\"@id\":\"https:\\\/\\\/www.texen.com\\\/#\\\/schema\\\/logo\\\/image\\\/\",\"url\":\"https:\\\/\\\/www.texen.com\\\/app\\\/uploads\\\/2026\\\/03\\\/cropped-cropped-Capture-decran-2026-03-30-101410-1-1.jpg\",\"contentUrl\":\"https:\\\/\\\/www.texen.com\\\/app\\\/uploads\\\/2026\\\/03\\\/cropped-cropped-Capture-decran-2026-03-30-101410-1-1.jpg\",\"width\":1200,\"height\":156,\"caption\":\"Texen\"},\"image\":{\"@id\":\"https:\\\/\\\/www.texen.com\\\/#\\\/schema\\\/logo\\\/image\\\/\"}}]}<\/script>\n<!-- \/ Yoast SEO plugin. -->","yoast_head_json":{"title":"Skincare - Texen","description":"Texen promotes efficient skincare product application focused on well-being for a demanding consumer.","robots":{"index":"index","follow":"follow","max-snippet":"max-snippet:-1","max-image-preview":"max-image-preview:large","max-video-preview":"max-video-preview:-1"},"canonical":"https:\/\/www.texen.com\/en\/markets-offer\/skincare\/","og_locale":"en_US","og_type":"article","og_title":"Skincare - Texen","og_description":"Texen promotes efficient skincare product application focused on well-being for a demanding consumer.","og_url":"https:\/\/www.texen.com\/en\/markets-offer\/skincare\/","og_site_name":"Texen","article_modified_time":"2024-11-14T14:33:44+00:00","twitter_card":"summary_large_image","schema":{"@context":"https:\/\/schema.org","@graph":[{"@type":"WebPage","@id":"https:\/\/www.texen.com\/en\/markets-offer\/skincare\/","url":"https:\/\/www.texen.com\/en\/markets-offer\/skincare\/","name":"Skincare - Texen","isPartOf":{"@id":"https:\/\/www.texen.com\/#website"},"datePublished":"2020-07-15T14:16:59+00:00","dateModified":"2024-11-14T14:33:44+00:00","description":"Texen promotes efficient skincare product application focused on well-being for a demanding consumer.","breadcrumb":{"@id":"https:\/\/www.texen.com\/en\/markets-offer\/skincare\/#breadcrumb"},"inLanguage":"en-US","potentialAction":[{"@type":"ReadAction","target":["https:\/\/www.texen.com\/en\/markets-offer\/skincare\/"]}]},{"@type":"BreadcrumbList","@id":"https:\/\/www.texen.com\/en\/markets-offer\/skincare\/#breadcrumb","itemListElement":[{"@type":"ListItem","position":1,"name":"Markets &amp; Offer","item":"https:\/\/www.texen.com\/en\/markets-offer\/"},{"@type":"ListItem","position":2,"name":"Skincare"}]},{"@type":"WebSite","@id":"https:\/\/www.texen.com\/#website","url":"https:\/\/www.texen.com\/","name":"Texen","description":"Un site utilisant Les sites de PSB-Industries","publisher":{"@id":"https:\/\/www.texen.com\/#organization"},"potentialAction":[{"@type":"SearchAction","target":{"@type":"EntryPoint","urlTemplate":"https:\/\/www.texen.com\/?s={search_term_string}"},"query-input":{"@type":"PropertyValueSpecification","valueRequired":true,"valueName":"search_term_string"}}],"inLanguage":"en-US"},{"@type":"Organization","@id":"https:\/\/www.texen.com\/#organization","name":"Texen","url":"https:\/\/www.texen.com\/","logo":{"@type":"ImageObject","inLanguage":"en-US","@id":"https:\/\/www.texen.com\/#\/schema\/logo\/image\/","url":"https:\/\/www.texen.com\/app\/uploads\/2026\/03\/cropped-cropped-Capture-decran-2026-03-30-101410-1-1.jpg","contentUrl":"https:\/\/www.texen.com\/app\/uploads\/2026\/03\/cropped-cropped-Capture-decran-2026-03-30-101410-1-1.jpg","width":1200,"height":156,"caption":"Texen"},"image":{"@id":"https:\/\/www.texen.com\/#\/schema\/logo\/image\/"}}]}},"_links":{"self":[{"href":"https:\/\/www.texen.com\/en\/wp-json\/wp\/v2\/pages\/459","targetHints":{"allow":["GET"]}}],"collection":[{"href":"https:\/\/www.texen.com\/en\/wp-json\/wp\/v2\/pages"}],"about":[{"href":"https:\/\/www.texen.com\/en\/wp-json\/wp\/v2\/types\/page"}],"author":[{"embeddable":true,"href":"https:\/\/www.texen.com\/en\/wp-json\/wp\/v2\/users\/8"}],"replies":[{"embeddable":true,"href":"https:\/\/www.texen.com\/en\/wp-json\/wp\/v2\/comments?post=459"}],"version-history":[{"count":11,"href":"https:\/\/www.texen.com\/en\/wp-json\/wp\/v2\/pages\/459\/revisions"}],"predecessor-version":[{"id":6884,"href":"https:\/\/www.texen.com\/en\/wp-json\/wp\/v2\/pages\/459\/revisions\/6884"}],"up":[{"embeddable":true,"href":"https:\/\/www.texen.com\/en\/wp-json\/wp\/v2\/pages\/471"}],"wp:attachment":[{"href":"https:\/\/www.texen.com\/en\/wp-json\/wp\/v2\/media?parent=459"}],"curies":[{"name":"wp","href":"https:\/\/api.w.org\/{rel}","templated":true}]}}