{"id":709,"date":"2021-01-25T14:11:03","date_gmt":"2021-01-25T13:11:03","guid":{"rendered":"https:\/\/www.texen.com\/?page_id=709"},"modified":"2024-11-14T15:06:21","modified_gmt":"2024-11-14T14:06:21","slug":"case-study-soin-capots-pots","status":"publish","type":"page","link":"https:\/\/www.texen.com\/en\/nos-marches\/soin\/case-study-soin-capots-pots\/","title":{"rendered":"Capots &amp; Pots"},"content":{"rendered":"","protected":false},"excerpt":{"rendered":"","protected":false},"author":8,"featured_media":0,"parent":105,"menu_order":0,"comment_status":"closed","ping_status":"closed","template":"templates\/template-produits-case-study.php","meta":{"_acf_changed":false,"inline_featured_image":false,"footnotes":""},"class_list":["post-709","page","type-page","status-publish","hentry"],"acf":{"chapeau":"","apercu_img":379,"articles":[{"acf_fc_layout":"bloc_texte","texte":"<h2>Capot My Clarins<\/h2>\n<p><img loading=\"lazy\" decoding=\"async\" class=\"wp-image-624 size-medium alignleft\" src=\"http:\/\/www.psb-industries.com\/app\/uploads\/sites\/2\/2021\/01\/Capot-My-Clarins-Texen-225x300.jpg\" alt=\"\" width=\"225\" height=\"300\" srcset=\"https:\/\/www.texen.com\/app\/uploads\/2021\/01\/Capot-My-Clarins-Texen-225x300.jpg 225w, https:\/\/www.texen.com\/app\/uploads\/2021\/01\/Capot-My-Clarins-Texen-767x1024.jpg 767w, https:\/\/www.texen.com\/app\/uploads\/2021\/01\/Capot-My-Clarins-Texen-768x1025.jpg 768w, https:\/\/www.texen.com\/app\/uploads\/2021\/01\/Capot-My-Clarins-Texen-1151x1536.jpg 1151w, https:\/\/www.texen.com\/app\/uploads\/2021\/01\/Capot-My-Clarins-Texen-1535x2048.jpg 1535w, https:\/\/www.texen.com\/app\/uploads\/2021\/01\/Capot-My-Clarins-Texen-scaled.jpg 1918w\" sizes=\"auto, (max-width: 225px) 100vw, 225px\" \/><\/p>\n<p>Un capot en 2 teintes pour 3 r\u00e9f\u00e9rences d\u2019une ligne \u00e9thique.<br \/>\nL\u2019injection et l\u2019assemblage en ligne des 2 parties donnent l\u2019illusion parfaite d\u2019un capot en une seule pi\u00e8ce. Le traitement de la mati\u00e8re dans le moule r\u00e9v\u00e8le le contraste mat\/ brillant.<br \/>\nAu vissage du capot, le logo tampographi\u00e9 vient s\u2019orienter face au d\u00e9cor du pot. Cet ajustement au millim\u00e8tre a \u00e9t\u00e9 rendu possible par la minutie des r\u00e9glages machines et du contr\u00f4le cam\u00e9ra.<br \/>\nLa technique au service de l\u2019esth\u00e9tique.<\/p>\n<p>&nbsp;<\/p>\n<p>&nbsp;<\/p>\n<p>&nbsp;<\/p>\n<p>&nbsp;<\/p>\n<h2>Belle de jour de Kenzoki<\/h2>\n<p><img loading=\"lazy\" decoding=\"async\" class=\"size-medium wp-image-626 alignleft\" src=\"http:\/\/www.psb-industries.com\/app\/uploads\/sites\/2\/2021\/01\/Belle-de-jour-Kenzoki-Texen-300x267.jpg\" alt=\"\" width=\"300\" height=\"267\" srcset=\"https:\/\/www.texen.com\/app\/uploads\/2021\/01\/Belle-de-jour-Kenzoki-Texen-300x267.jpg 300w, https:\/\/www.texen.com\/app\/uploads\/2021\/01\/Belle-de-jour-Kenzoki-Texen-1024x911.jpg 1024w, https:\/\/www.texen.com\/app\/uploads\/2021\/01\/Belle-de-jour-Kenzoki-Texen-768x683.jpg 768w, https:\/\/www.texen.com\/app\/uploads\/2021\/01\/Belle-de-jour-Kenzoki-Texen-1536x1366.jpg 1536w, https:\/\/www.texen.com\/app\/uploads\/2021\/01\/Belle-de-jour-Kenzoki-Texen-2048x1822.jpg 2048w\" sizes=\"auto, (max-width: 300px) 100vw, 300px\" \/><\/p>\n<p>Pour la gr\u00e2ce d\u2019un produit iconique, Texen d\u00e9ploie la technique d\u2019impression 3D.<\/p>\n<p>Ce capot en PP teint\u00e9 noir doit la couleur et la finesse de son d\u00e9cor \u00e0 une impression num\u00e9rique. La technique promet souplesse d\u2019ex\u00e9cution et parfaite restitution de la photo originale.<\/p>\n<p>Agilit\u00e9, qualit\u00e9, souplesse, co\u00fbt, le process a rempli le cahier des charges de la marque, et reste pour Texen un sujet d\u2019innovation prometteur.<\/p>\n<p>&nbsp;<\/p>\n<p>&nbsp;<\/p>\n<p>&nbsp;<\/p>\n<h2>Lanc\u00f4me &#8211; Elixir Ultime d\u2019Absolue l\u2019Extrait<\/h2>\n<p><img loading=\"lazy\" decoding=\"async\" class=\"size-medium wp-image-628 alignleft\" src=\"http:\/\/www.psb-industries.com\/app\/uploads\/sites\/2\/2021\/01\/Lancome-Cupule-248x300.jpg\" alt=\"\" width=\"248\" height=\"300\" srcset=\"https:\/\/www.texen.com\/app\/uploads\/2021\/01\/Lancome-Cupule-248x300.jpg 248w, https:\/\/www.texen.com\/app\/uploads\/2021\/01\/Lancome-Cupule-845x1024.jpg 845w, https:\/\/www.texen.com\/app\/uploads\/2021\/01\/Lancome-Cupule-768x930.jpg 768w, https:\/\/www.texen.com\/app\/uploads\/2021\/01\/Lancome-Cupule-1268x1536.jpg 1268w, https:\/\/www.texen.com\/app\/uploads\/2021\/01\/Lancome-Cupule-1691x2048.jpg 1691w, https:\/\/www.texen.com\/app\/uploads\/2021\/01\/Lancome-Cupule.jpg 1950w\" sizes=\"auto, (max-width: 248px) 100vw, 248px\" \/><\/p>\n<p>Lanc\u00f4me force le respect avec sa cupule rechargeable associ\u00e9e \u00e0 un pot d\u2019une grande \u00e9l\u00e9gance.<\/p>\n<p>Cette cupule inject\u00e9e r\u00e9v\u00e8le son d\u00e9cor en transparence dans le pot gr\u00e2ce \u00e0 de multiples passes de tampographie et un parfait rep\u00e9rage des d\u00e9cors. Un ing\u00e9nieux syst\u00e8me de clipsage garantit au produit son confort d\u2019usage et sa fonction rechargeable.<\/p>\n<p>L\u2019\u00e9coconception au service d\u2019un nouveau geste consommateur responsable.<\/p>\n"}],"actualites":"","push_pages":[{"texte_push":"Nos march\u00e9s","page":"https:\/\/www.texen.com\/en\/markets-offer\/"},{"texte_push":"Boitiers &amp; Palettes","page":"https:\/\/www.texen.com\/en\/nos-marches\/soin\/boitiers-palettes\/"}],"header-img":6545,"titre_page":"Capots &amp; Pots","texte_intro":"","etapes":[{"titre_du_bloc":"Capot My Clarins","image":"https:\/\/www.texen.com\/app\/uploads\/2021\/01\/Capot-My-Clarins-Texen-scaled.jpg","texte":"Un capot en 2 teintes pour 3 r\u00e9f\u00e9rences d\u2019une ligne \u00e9thique. \r\nL\u2019injection et l\u2019assemblage en ligne des 2 parties donnent l\u2019illusion parfaite d\u2019un capot en une seule pi\u00e8ce. Le traitement de la mati\u00e8re dans le moule r\u00e9v\u00e8le le contraste mat\/ brillant.\r\nAu vissage du capot, le logo tampographi\u00e9 vient s\u2019orienter face au d\u00e9cor du pot. Cet ajustement au millim\u00e8tre a \u00e9t\u00e9 rendu possible par la minutie des r\u00e9glages machines et du contr\u00f4le cam\u00e9ra.  \r\nLa technique au service de l\u2019esth\u00e9tique."},{"titre_du_bloc":"Belle de Jour de Kenzoki","image":"https:\/\/www.texen.com\/app\/uploads\/2021\/01\/Belle-de-jour-Kenzoki-Texen-scaled.jpg","texte":"Pour la gr\u00e2ce d\u2019un produit iconique, Texen d\u00e9ploie la technique d\u2019impression 3D.\r\n \r\nCe capot en PP teint\u00e9 noir doit la couleur et la finesse de son d\u00e9cor \u00e0 une impression num\u00e9rique. La technique promet souplesse d\u2019ex\u00e9cution et parfaite restitution de la photo originale.\r\n\r\nAgilit\u00e9, qualit\u00e9, souplesse, co\u00fbt, le process a rempli le cahier des charges de la marque, et reste pour Texen un sujet d\u2019innovation prometteur."},{"titre_du_bloc":"Lanc\u00f4me - Elixir Ultime d\u2019Absolue l\u2019Extrait","image":"https:\/\/www.texen.com\/app\/uploads\/2021\/01\/Lancome-Cupule.jpg","texte":"Lanc\u00f4me force le respect avec sa cupule rechargeable associ\u00e9e \u00e0 un pot d\u2019une grande \u00e9l\u00e9gance.\r\n\r\nCette cupule inject\u00e9e r\u00e9v\u00e8le son d\u00e9cor en transparence dans le pot gr\u00e2ce \u00e0 de multiples passes de tampographie et un parfait rep\u00e9rage des d\u00e9cors. Un ing\u00e9nieux syst\u00e8me de clipsage garantit au produit son confort d\u2019usage et sa fonction rechargeable. \r\n\r\nL\u2019\u00e9coconception au service d\u2019un nouveau geste consommateur responsable."},{"titre_du_bloc":"L'Or\u00e9al - Biotherm ","image":"https:\/\/www.texen.com\/app\/uploads\/2022\/11\/LOr\u00e9al-Biotherm.png","texte":"Pour la nouvelle collection de soins Biotherm, L'Or\u00e9al continue de repenser des packagings toujours plus \u00e9co-responsables. En tant que partenaire historique, Texen a relev\u00e9 ce nouveau challenge d'\u00e9co-conception alliant nouveau mat\u00e9riau, d\u00e9corabilit\u00e9 et r\u00e9sultat esth\u00e9tique.\r\nCe capot est adaptable sur des pots de divers formats et pour des formules de soins hommes et femmes telles que Cera Repair ou Blue Therapy.\r\nUne grande vigilance a \u00e9t\u00e9 port\u00e9e sur les valeurs esth\u00e9tiques : un marquage \u00e0 chaud sur toute la surface de la pi\u00e8ce sans aucune trace de recouvrement, une gageure sur ce type de mat\u00e9riau. Il en a \u00e9t\u00e9 de m\u00eame pour le logo de la marque, ex\u00e9cut\u00e9 en r\u00e9serve, qui laisse volontairement appara\u00eetre la mati\u00e8re brute au centre.\r\n"}]},"yoast_head":"<!-- This site is optimized with the Yoast SEO plugin v27.3 - https:\/\/yoast.com\/product\/yoast-seo-wordpress\/ -->\n<title>Capots &amp; Pots - Texen<\/title>\n<meta name=\"robots\" content=\"index, follow, max-snippet:-1, max-image-preview:large, max-video-preview:-1\" \/>\n<link rel=\"canonical\" href=\"https:\/\/www.texen.com\/nos-marches\/soin\/case-study-soin-capots-pots\/\" \/>\n<meta property=\"og:locale\" content=\"en_US\" \/>\n<meta property=\"og:type\" content=\"article\" \/>\n<meta property=\"og:title\" content=\"Capots &amp; Pots - Texen\" \/>\n<meta property=\"og:url\" content=\"https:\/\/www.texen.com\/nos-marches\/soin\/case-study-soin-capots-pots\/\" \/>\n<meta property=\"og:site_name\" content=\"Texen\" \/>\n<meta property=\"article:modified_time\" content=\"2024-11-14T14:06:21+00:00\" \/>\n<meta name=\"twitter:card\" content=\"summary_large_image\" \/>\n<script type=\"application\/ld+json\" class=\"yoast-schema-graph\">{\"@context\":\"https:\\\/\\\/schema.org\",\"@graph\":[{\"@type\":\"WebPage\",\"@id\":\"https:\\\/\\\/www.texen.com\\\/nos-marches\\\/soin\\\/case-study-soin-capots-pots\\\/\",\"url\":\"https:\\\/\\\/www.texen.com\\\/nos-marches\\\/soin\\\/case-study-soin-capots-pots\\\/\",\"name\":\"Capots &amp; Pots - Texen\",\"isPartOf\":{\"@id\":\"https:\\\/\\\/www.texen.com\\\/#website\"},\"datePublished\":\"2021-01-25T13:11:03+00:00\",\"dateModified\":\"2024-11-14T14:06:21+00:00\",\"breadcrumb\":{\"@id\":\"https:\\\/\\\/www.texen.com\\\/nos-marches\\\/soin\\\/case-study-soin-capots-pots\\\/#breadcrumb\"},\"inLanguage\":\"en-US\",\"potentialAction\":[{\"@type\":\"ReadAction\",\"target\":[\"https:\\\/\\\/www.texen.com\\\/nos-marches\\\/soin\\\/case-study-soin-capots-pots\\\/\"]}]},{\"@type\":\"BreadcrumbList\",\"@id\":\"https:\\\/\\\/www.texen.com\\\/nos-marches\\\/soin\\\/case-study-soin-capots-pots\\\/#breadcrumb\",\"itemListElement\":[{\"@type\":\"ListItem\",\"position\":1,\"name\":\"March\u00e9s &amp; Offre\",\"item\":\"https:\\\/\\\/www.texen.com\\\/nos-marches\\\/\"},{\"@type\":\"ListItem\",\"position\":2,\"name\":\"Soin\",\"item\":\"https:\\\/\\\/www.texen.com\\\/nos-marches\\\/soin\\\/\"},{\"@type\":\"ListItem\",\"position\":3,\"name\":\"Capots &amp; Pots\"}]},{\"@type\":\"WebSite\",\"@id\":\"https:\\\/\\\/www.texen.com\\\/#website\",\"url\":\"https:\\\/\\\/www.texen.com\\\/\",\"name\":\"Texen\",\"description\":\"Un site utilisant Les sites de PSB-Industries\",\"publisher\":{\"@id\":\"https:\\\/\\\/www.texen.com\\\/#organization\"},\"potentialAction\":[{\"@type\":\"SearchAction\",\"target\":{\"@type\":\"EntryPoint\",\"urlTemplate\":\"https:\\\/\\\/www.texen.com\\\/?s={search_term_string}\"},\"query-input\":{\"@type\":\"PropertyValueSpecification\",\"valueRequired\":true,\"valueName\":\"search_term_string\"}}],\"inLanguage\":\"en-US\"},{\"@type\":\"Organization\",\"@id\":\"https:\\\/\\\/www.texen.com\\\/#organization\",\"name\":\"Texen\",\"url\":\"https:\\\/\\\/www.texen.com\\\/\",\"logo\":{\"@type\":\"ImageObject\",\"inLanguage\":\"en-US\",\"@id\":\"https:\\\/\\\/www.texen.com\\\/#\\\/schema\\\/logo\\\/image\\\/\",\"url\":\"https:\\\/\\\/www.texen.com\\\/app\\\/uploads\\\/2026\\\/03\\\/cropped-cropped-Capture-decran-2026-03-30-101410-1-1.jpg\",\"contentUrl\":\"https:\\\/\\\/www.texen.com\\\/app\\\/uploads\\\/2026\\\/03\\\/cropped-cropped-Capture-decran-2026-03-30-101410-1-1.jpg\",\"width\":1200,\"height\":156,\"caption\":\"Texen\"},\"image\":{\"@id\":\"https:\\\/\\\/www.texen.com\\\/#\\\/schema\\\/logo\\\/image\\\/\"}}]}<\/script>\n<!-- \/ Yoast SEO plugin. -->","yoast_head_json":{"title":"Capots &amp; Pots - Texen","robots":{"index":"index","follow":"follow","max-snippet":"max-snippet:-1","max-image-preview":"max-image-preview:large","max-video-preview":"max-video-preview:-1"},"canonical":"https:\/\/www.texen.com\/nos-marches\/soin\/case-study-soin-capots-pots\/","og_locale":"en_US","og_type":"article","og_title":"Capots &amp; Pots - Texen","og_url":"https:\/\/www.texen.com\/nos-marches\/soin\/case-study-soin-capots-pots\/","og_site_name":"Texen","article_modified_time":"2024-11-14T14:06:21+00:00","twitter_card":"summary_large_image","schema":{"@context":"https:\/\/schema.org","@graph":[{"@type":"WebPage","@id":"https:\/\/www.texen.com\/nos-marches\/soin\/case-study-soin-capots-pots\/","url":"https:\/\/www.texen.com\/nos-marches\/soin\/case-study-soin-capots-pots\/","name":"Capots &amp; Pots - Texen","isPartOf":{"@id":"https:\/\/www.texen.com\/#website"},"datePublished":"2021-01-25T13:11:03+00:00","dateModified":"2024-11-14T14:06:21+00:00","breadcrumb":{"@id":"https:\/\/www.texen.com\/nos-marches\/soin\/case-study-soin-capots-pots\/#breadcrumb"},"inLanguage":"en-US","potentialAction":[{"@type":"ReadAction","target":["https:\/\/www.texen.com\/nos-marches\/soin\/case-study-soin-capots-pots\/"]}]},{"@type":"BreadcrumbList","@id":"https:\/\/www.texen.com\/nos-marches\/soin\/case-study-soin-capots-pots\/#breadcrumb","itemListElement":[{"@type":"ListItem","position":1,"name":"March\u00e9s &amp; Offre","item":"https:\/\/www.texen.com\/nos-marches\/"},{"@type":"ListItem","position":2,"name":"Soin","item":"https:\/\/www.texen.com\/nos-marches\/soin\/"},{"@type":"ListItem","position":3,"name":"Capots &amp; Pots"}]},{"@type":"WebSite","@id":"https:\/\/www.texen.com\/#website","url":"https:\/\/www.texen.com\/","name":"Texen","description":"Un site utilisant Les sites de PSB-Industries","publisher":{"@id":"https:\/\/www.texen.com\/#organization"},"potentialAction":[{"@type":"SearchAction","target":{"@type":"EntryPoint","urlTemplate":"https:\/\/www.texen.com\/?s={search_term_string}"},"query-input":{"@type":"PropertyValueSpecification","valueRequired":true,"valueName":"search_term_string"}}],"inLanguage":"en-US"},{"@type":"Organization","@id":"https:\/\/www.texen.com\/#organization","name":"Texen","url":"https:\/\/www.texen.com\/","logo":{"@type":"ImageObject","inLanguage":"en-US","@id":"https:\/\/www.texen.com\/#\/schema\/logo\/image\/","url":"https:\/\/www.texen.com\/app\/uploads\/2026\/03\/cropped-cropped-Capture-decran-2026-03-30-101410-1-1.jpg","contentUrl":"https:\/\/www.texen.com\/app\/uploads\/2026\/03\/cropped-cropped-Capture-decran-2026-03-30-101410-1-1.jpg","width":1200,"height":156,"caption":"Texen"},"image":{"@id":"https:\/\/www.texen.com\/#\/schema\/logo\/image\/"}}]}},"_links":{"self":[{"href":"https:\/\/www.texen.com\/en\/wp-json\/wp\/v2\/pages\/709","targetHints":{"allow":["GET"]}}],"collection":[{"href":"https:\/\/www.texen.com\/en\/wp-json\/wp\/v2\/pages"}],"about":[{"href":"https:\/\/www.texen.com\/en\/wp-json\/wp\/v2\/types\/page"}],"author":[{"embeddable":true,"href":"https:\/\/www.texen.com\/en\/wp-json\/wp\/v2\/users\/8"}],"replies":[{"embeddable":true,"href":"https:\/\/www.texen.com\/en\/wp-json\/wp\/v2\/comments?post=709"}],"version-history":[{"count":14,"href":"https:\/\/www.texen.com\/en\/wp-json\/wp\/v2\/pages\/709\/revisions"}],"predecessor-version":[{"id":6843,"href":"https:\/\/www.texen.com\/en\/wp-json\/wp\/v2\/pages\/709\/revisions\/6843"}],"up":[{"embeddable":true,"href":"https:\/\/www.texen.com\/en\/wp-json\/wp\/v2\/pages\/105"}],"wp:attachment":[{"href":"https:\/\/www.texen.com\/en\/wp-json\/wp\/v2\/media?parent=709"}],"curies":[{"name":"wp","href":"https:\/\/api.w.org\/{rel}","templated":true}]}}