{"id":728,"date":"2021-01-25T17:22:26","date_gmt":"2021-01-25T16:22:26","guid":{"rendered":"https:\/\/www.texen.com\/?page_id=728"},"modified":"2024-11-14T15:08:31","modified_gmt":"2024-11-14T14:08:31","slug":"coiffes","status":"publish","type":"page","link":"https:\/\/www.texen.com\/en\/nos-marches\/parfum\/coiffes\/","title":{"rendered":"Coiffes"},"content":{"rendered":"","protected":false},"excerpt":{"rendered":"","protected":false},"author":8,"featured_media":0,"parent":107,"menu_order":0,"comment_status":"closed","ping_status":"closed","template":"templates\/template-produits-case-study.php","meta":{"_acf_changed":false,"inline_featured_image":false,"footnotes":""},"class_list":["post-728","page","type-page","status-publish","hentry"],"acf":{"actualites":"","push_pages":[{"texte_push":"Nos march\u00e9s","page":"https:\/\/www.texen.com\/en\/markets-offer\/"},{"texte_push":"Accessoires","page":"https:\/\/www.texen.com\/en\/nos-marches\/parfum\/accessoires\/"}],"header-img":6545,"titre_page":"Coiffes","texte_intro":"","chapeau":"","apercu_img":382,"etapes":[{"titre_du_bloc":"Armani - Aqua Di Gioia","image":"https:\/\/www.texen.com\/app\/uploads\/2021\/01\/Acqua-di-Gioia-Texen-scaled.jpg","texte":"Les fragrances Acqua di Gioia s\u2019offrent un nouveau design pur et a\u00e9rien. \r\n\r\nPour r\u00e9aliser ce d\u00e9cor jasp\u00e9 en quatre teintes, Texen a innov\u00e9 dans un proc\u00e9d\u00e9 technique et industriel totalement in\u00e9dit. Par la magie de l\u2019injection, les effets jasp\u00e9s sertis dans le surlyn font de chaque capot une pi\u00e8ce unique.\r\n\r\nDans ce d\u00e9veloppement autant technique qu\u2019esth\u00e9tique, Texen a su placer son innovation au service d\u2019un lancement significatif pour la marque."},{"titre_du_bloc":"Carven - Dans ma Bulle ","image":"https:\/\/www.texen.com\/app\/uploads\/2023\/02\/Dans-ma-bulle.jpg","texte":"Inject\u00e9 en surlyn, ce capot joue un r\u00f4le esth\u00e9tique majeur avec ses deux formats aux proportions g\u00e9n\u00e9reuses.\r\nLe surlyn a \u00e9t\u00e9 inject\u00e9 en une seule pi\u00e8ce. L\u2019optimisation du diam\u00e8tre du point d\u2019injection a permis d\u2019effacer les plans de joint. Pour donner \u00e0 la pi\u00e8ce son esth\u00e9tisme et sa transparence, Texen a travaill\u00e9 sur les temps de cycles, consid\u00e9rant la masse de la mati\u00e8re, sa qualit\u00e9 et son chemin parcouru dans le moule. \r\n\r\nDestin\u00e9 \u00e0 une cible jeune et grand public, ce parfum Carven \u00e9pouse une esth\u00e9tique tr\u00e8s identitaire."},{"titre_du_bloc":"Dior - Joy","image":"https:\/\/www.texen.com\/app\/uploads\/2021\/01\/Dior-Joy-Texen.png","texte":"Un partage d\u2019expertises pour ce capot-bijou \u00e9voquant une cha\u00eene tress\u00e9e.\r\n\r\nTexen a men\u00e9 un assemblage en plusieurs \u00e9tapes gr\u00e2ce \u00e0 une ligne automatique sp\u00e9cifique. \r\nLa maitrise de l\u2019injection de la coiffe r\u00e9v\u00e8le la finesse d\u2019un effet stri\u00e9. \r\nL\u2019insert d\u00e9borde l\u00e9g\u00e8rement de la coiffe, formant un \u00e9l\u00e9gant gaudron. S\u2019ajoute une m\u00e9tallisation en deux teintes argent. La fermeture magn\u00e9tique permet au logo CD de s\u2019orienter face au d\u00e9cor du flacon. \r\n\r\nL\u2019excellence industrielle au service d\u2019une esth\u00e9tique parfaite."},{"titre_du_bloc":"Oriflame - Eclat Style","image":"https:\/\/www.texen.com\/app\/uploads\/2021\/01\/Eclat-Style-Oriflame-Texen.jpg","texte":"La maison Oriflame souhaitait un capot habill\u00e9 de cuir pour r\u00e9v\u00e9ler la g\u00e9om\u00e9trie du flacon et son \u00e9l\u00e9gance masculine. \r\n\r\nLe capot comporte un lest inject\u00e9 en zamak puis est surmoul\u00e9 et m\u00e9tallis\u00e9 argent brillant. Texen a s\u00e9lectionn\u00e9 un PU noir grain\u00e9 d\u00e9coup\u00e9 en bandes pr\u00e9encoll\u00e9es d\u2019adh\u00e9sif, puis appliqu\u00e9es au millim\u00e8tre. \r\n\r\nCe d\u00e9veloppement complexe et alerte doit sa r\u00e9ussite \u00e0 la compl\u00e9mentarit\u00e9 et \u00e0 l\u2019expertise des offres Texen."}]},"yoast_head":"<!-- This site is optimized with the Yoast SEO plugin v27.3 - https:\/\/yoast.com\/product\/yoast-seo-wordpress\/ -->\n<title>Coiffes - Texen<\/title>\n<meta name=\"robots\" content=\"index, follow, max-snippet:-1, max-image-preview:large, max-video-preview:-1\" \/>\n<link rel=\"canonical\" href=\"https:\/\/www.texen.com\/nos-marches\/parfum\/coiffes\/\" \/>\n<meta property=\"og:locale\" content=\"en_US\" \/>\n<meta property=\"og:type\" content=\"article\" \/>\n<meta property=\"og:title\" content=\"Coiffes - Texen\" \/>\n<meta property=\"og:url\" content=\"https:\/\/www.texen.com\/nos-marches\/parfum\/coiffes\/\" \/>\n<meta property=\"og:site_name\" content=\"Texen\" \/>\n<meta property=\"article:modified_time\" content=\"2024-11-14T14:08:31+00:00\" \/>\n<meta name=\"twitter:card\" content=\"summary_large_image\" \/>\n<script type=\"application\/ld+json\" class=\"yoast-schema-graph\">{\"@context\":\"https:\\\/\\\/schema.org\",\"@graph\":[{\"@type\":\"WebPage\",\"@id\":\"https:\\\/\\\/www.texen.com\\\/nos-marches\\\/parfum\\\/coiffes\\\/\",\"url\":\"https:\\\/\\\/www.texen.com\\\/nos-marches\\\/parfum\\\/coiffes\\\/\",\"name\":\"Coiffes - Texen\",\"isPartOf\":{\"@id\":\"https:\\\/\\\/www.texen.com\\\/#website\"},\"datePublished\":\"2021-01-25T16:22:26+00:00\",\"dateModified\":\"2024-11-14T14:08:31+00:00\",\"breadcrumb\":{\"@id\":\"https:\\\/\\\/www.texen.com\\\/nos-marches\\\/parfum\\\/coiffes\\\/#breadcrumb\"},\"inLanguage\":\"en-US\",\"potentialAction\":[{\"@type\":\"ReadAction\",\"target\":[\"https:\\\/\\\/www.texen.com\\\/nos-marches\\\/parfum\\\/coiffes\\\/\"]}]},{\"@type\":\"BreadcrumbList\",\"@id\":\"https:\\\/\\\/www.texen.com\\\/nos-marches\\\/parfum\\\/coiffes\\\/#breadcrumb\",\"itemListElement\":[{\"@type\":\"ListItem\",\"position\":1,\"name\":\"March\u00e9s &amp; Offre\",\"item\":\"https:\\\/\\\/www.texen.com\\\/nos-marches\\\/\"},{\"@type\":\"ListItem\",\"position\":2,\"name\":\"Parfum\",\"item\":\"https:\\\/\\\/www.texen.com\\\/nos-marches\\\/parfum\\\/\"},{\"@type\":\"ListItem\",\"position\":3,\"name\":\"Coiffes\"}]},{\"@type\":\"WebSite\",\"@id\":\"https:\\\/\\\/www.texen.com\\\/#website\",\"url\":\"https:\\\/\\\/www.texen.com\\\/\",\"name\":\"Texen\",\"description\":\"Un site utilisant Les sites de PSB-Industries\",\"publisher\":{\"@id\":\"https:\\\/\\\/www.texen.com\\\/#organization\"},\"potentialAction\":[{\"@type\":\"SearchAction\",\"target\":{\"@type\":\"EntryPoint\",\"urlTemplate\":\"https:\\\/\\\/www.texen.com\\\/?s={search_term_string}\"},\"query-input\":{\"@type\":\"PropertyValueSpecification\",\"valueRequired\":true,\"valueName\":\"search_term_string\"}}],\"inLanguage\":\"en-US\"},{\"@type\":\"Organization\",\"@id\":\"https:\\\/\\\/www.texen.com\\\/#organization\",\"name\":\"Texen\",\"url\":\"https:\\\/\\\/www.texen.com\\\/\",\"logo\":{\"@type\":\"ImageObject\",\"inLanguage\":\"en-US\",\"@id\":\"https:\\\/\\\/www.texen.com\\\/#\\\/schema\\\/logo\\\/image\\\/\",\"url\":\"https:\\\/\\\/www.texen.com\\\/app\\\/uploads\\\/2026\\\/03\\\/cropped-cropped-Capture-decran-2026-03-30-101410-1-1.jpg\",\"contentUrl\":\"https:\\\/\\\/www.texen.com\\\/app\\\/uploads\\\/2026\\\/03\\\/cropped-cropped-Capture-decran-2026-03-30-101410-1-1.jpg\",\"width\":1200,\"height\":156,\"caption\":\"Texen\"},\"image\":{\"@id\":\"https:\\\/\\\/www.texen.com\\\/#\\\/schema\\\/logo\\\/image\\\/\"}}]}<\/script>\n<!-- \/ Yoast SEO plugin. -->","yoast_head_json":{"title":"Coiffes - Texen","robots":{"index":"index","follow":"follow","max-snippet":"max-snippet:-1","max-image-preview":"max-image-preview:large","max-video-preview":"max-video-preview:-1"},"canonical":"https:\/\/www.texen.com\/nos-marches\/parfum\/coiffes\/","og_locale":"en_US","og_type":"article","og_title":"Coiffes - Texen","og_url":"https:\/\/www.texen.com\/nos-marches\/parfum\/coiffes\/","og_site_name":"Texen","article_modified_time":"2024-11-14T14:08:31+00:00","twitter_card":"summary_large_image","schema":{"@context":"https:\/\/schema.org","@graph":[{"@type":"WebPage","@id":"https:\/\/www.texen.com\/nos-marches\/parfum\/coiffes\/","url":"https:\/\/www.texen.com\/nos-marches\/parfum\/coiffes\/","name":"Coiffes - Texen","isPartOf":{"@id":"https:\/\/www.texen.com\/#website"},"datePublished":"2021-01-25T16:22:26+00:00","dateModified":"2024-11-14T14:08:31+00:00","breadcrumb":{"@id":"https:\/\/www.texen.com\/nos-marches\/parfum\/coiffes\/#breadcrumb"},"inLanguage":"en-US","potentialAction":[{"@type":"ReadAction","target":["https:\/\/www.texen.com\/nos-marches\/parfum\/coiffes\/"]}]},{"@type":"BreadcrumbList","@id":"https:\/\/www.texen.com\/nos-marches\/parfum\/coiffes\/#breadcrumb","itemListElement":[{"@type":"ListItem","position":1,"name":"March\u00e9s &amp; Offre","item":"https:\/\/www.texen.com\/nos-marches\/"},{"@type":"ListItem","position":2,"name":"Parfum","item":"https:\/\/www.texen.com\/nos-marches\/parfum\/"},{"@type":"ListItem","position":3,"name":"Coiffes"}]},{"@type":"WebSite","@id":"https:\/\/www.texen.com\/#website","url":"https:\/\/www.texen.com\/","name":"Texen","description":"Un site utilisant Les sites de PSB-Industries","publisher":{"@id":"https:\/\/www.texen.com\/#organization"},"potentialAction":[{"@type":"SearchAction","target":{"@type":"EntryPoint","urlTemplate":"https:\/\/www.texen.com\/?s={search_term_string}"},"query-input":{"@type":"PropertyValueSpecification","valueRequired":true,"valueName":"search_term_string"}}],"inLanguage":"en-US"},{"@type":"Organization","@id":"https:\/\/www.texen.com\/#organization","name":"Texen","url":"https:\/\/www.texen.com\/","logo":{"@type":"ImageObject","inLanguage":"en-US","@id":"https:\/\/www.texen.com\/#\/schema\/logo\/image\/","url":"https:\/\/www.texen.com\/app\/uploads\/2026\/03\/cropped-cropped-Capture-decran-2026-03-30-101410-1-1.jpg","contentUrl":"https:\/\/www.texen.com\/app\/uploads\/2026\/03\/cropped-cropped-Capture-decran-2026-03-30-101410-1-1.jpg","width":1200,"height":156,"caption":"Texen"},"image":{"@id":"https:\/\/www.texen.com\/#\/schema\/logo\/image\/"}}]}},"_links":{"self":[{"href":"https:\/\/www.texen.com\/en\/wp-json\/wp\/v2\/pages\/728","targetHints":{"allow":["GET"]}}],"collection":[{"href":"https:\/\/www.texen.com\/en\/wp-json\/wp\/v2\/pages"}],"about":[{"href":"https:\/\/www.texen.com\/en\/wp-json\/wp\/v2\/types\/page"}],"author":[{"embeddable":true,"href":"https:\/\/www.texen.com\/en\/wp-json\/wp\/v2\/users\/8"}],"replies":[{"embeddable":true,"href":"https:\/\/www.texen.com\/en\/wp-json\/wp\/v2\/comments?post=728"}],"version-history":[{"count":12,"href":"https:\/\/www.texen.com\/en\/wp-json\/wp\/v2\/pages\/728\/revisions"}],"predecessor-version":[{"id":6847,"href":"https:\/\/www.texen.com\/en\/wp-json\/wp\/v2\/pages\/728\/revisions\/6847"}],"up":[{"embeddable":true,"href":"https:\/\/www.texen.com\/en\/wp-json\/wp\/v2\/pages\/107"}],"wp:attachment":[{"href":"https:\/\/www.texen.com\/en\/wp-json\/wp\/v2\/media?parent=728"}],"curies":[{"name":"wp","href":"https:\/\/api.w.org\/{rel}","templated":true}]}}