{"id":738,"date":"2021-01-25T17:28:14","date_gmt":"2021-01-25T16:28:14","guid":{"rendered":"https:\/\/www.texen.com\/?page_id=738"},"modified":"2024-11-14T15:09:22","modified_gmt":"2024-11-14T14:09:22","slug":"accessoires","status":"publish","type":"page","link":"https:\/\/www.texen.com\/en\/nos-marches\/parfum\/accessoires\/","title":{"rendered":"Accessoires"},"content":{"rendered":"","protected":false},"excerpt":{"rendered":"","protected":false},"author":8,"featured_media":0,"parent":107,"menu_order":0,"comment_status":"closed","ping_status":"closed","template":"templates\/template-produits-case-study.php","meta":{"_acf_changed":false,"inline_featured_image":false,"footnotes":""},"class_list":["post-738","page","type-page","status-publish","hentry"],"acf":{"chapeau":"","apercu_img":382,"articles":[{"acf_fc_layout":"bloc_texte","texte":"<h2>Mugler &#8211; Pinceau parfumant<\/h2>\n<p><img loading=\"lazy\" decoding=\"async\" class=\"size-medium wp-image-739 alignleft\" src=\"http:\/\/www.psb-industries.com\/app\/uploads\/sites\/2\/2021\/01\/Pinceau-parfumant-Mugler-Texen-231x300.jpg\" alt=\"\" width=\"231\" height=\"300\" srcset=\"https:\/\/www.texen.com\/app\/uploads\/2021\/01\/Pinceau-parfumant-Mugler-Texen-231x300.jpg 231w, https:\/\/www.texen.com\/app\/uploads\/2021\/01\/Pinceau-parfumant-Mugler-Texen-789x1024.jpg 789w, https:\/\/www.texen.com\/app\/uploads\/2021\/01\/Pinceau-parfumant-Mugler-Texen-768x997.jpg 768w, https:\/\/www.texen.com\/app\/uploads\/2021\/01\/Pinceau-parfumant-Mugler-Texen-1183x1536.jpg 1183w, https:\/\/www.texen.com\/app\/uploads\/2021\/01\/Pinceau-parfumant-Mugler-Texen-1577x2048.jpg 1577w, https:\/\/www.texen.com\/app\/uploads\/2021\/01\/Pinceau-parfumant-Mugler-Texen-scaled.jpg 1972w\" sizes=\"auto, (max-width: 231px) 100vw, 231px\" \/><\/p>\n<p>La marque Mugler lance avec ce pinceau parfumant, une nouvelle gestuelle glamour et durable<\/p>\n<p>Ce pinceau dot\u00e9 d\u2019un applicateur en poils synth\u00e9tiques permet d\u2019appliquer la juste dose de parfum en un clic. Les packs en aluminium ont re\u00e7u une d\u00e9licate op\u00e9ration d\u2019anodisation, puis une s\u00e9rigraphie blanche ou noire, selon le mod\u00e8le.<\/p>\n<p>En d\u00e9veloppant ce format nomade, la marque offre \u00e0 la consommatrice une solution totalement innovante, pratique et durable.<\/p>\n<p><button class=\"wysiwyg-btn btn btn-action btn-animate\"><a href=\"https:\/\/www.texen.com\/nos-standards\/case-study-4-la-collection-be-green\/\">Parfum stylo &#8211; Gamme Be green<\/a><\/button><\/p>\n"}],"actualites":"","push_pages":[{"texte_push":"Nos march\u00e9s","page":"https:\/\/www.texen.com\/en\/markets-offer\/"},{"texte_push":"Coiffes","page":"https:\/\/www.texen.com\/en\/nos-marches\/parfum\/coiffes\/"}],"header-img":6545,"titre_page":"Accessoires","texte_intro":"","etapes":[{"titre_du_bloc":"Mugler - Pinceau parfumant ","image":"https:\/\/www.texen.com\/app\/uploads\/2021\/01\/Pinceau-parfumant-Mugler-Texen-scaled.jpg","texte":"La marque Mugler lance avec ce pinceau parfumant, une nouvelle gestuelle glamour et durable\r\n\r\nCe pinceau dot\u00e9 d\u2019un applicateur en poils synth\u00e9tiques permet d\u2019appliquer la juste dose de parfum en un clic. Les packs en aluminium ont re\u00e7u une d\u00e9licate op\u00e9ration d\u2019anodisation, puis une s\u00e9rigraphie blanche ou noire, selon le mod\u00e8le. \r\n\r\nEn d\u00e9veloppant ce format nomade, la marque offre \u00e0 la consommatrice une solution totalement innovante, pratique et durable."},{"titre_du_bloc":"Jean-Paul Gaultier - Scandal","image":"https:\/\/www.texen.com\/app\/uploads\/2022\/11\/Jean-Paul-Gaultier-Scandal.png","texte":"  "},{"titre_du_bloc":"Jean-Paul Gautlier - La Belle ","image":"https:\/\/www.texen.com\/app\/uploads\/2022\/11\/La-Belle-1-JPG.png","texte":"  "},{"titre_du_bloc":"Jean-Paul Gaultier - Le Beau","image":"https:\/\/www.texen.com\/app\/uploads\/2022\/11\/Jean-Paul-Gaultier-Le-Beau.jpg","texte":" "},{"titre_du_bloc":"Azzaro - Wanted Girl","image":"https:\/\/www.texen.com\/app\/uploads\/2022\/11\/Wanted-girl-Azzaro.png","texte":" "}]},"yoast_head":"<!-- This site is optimized with the Yoast SEO plugin v27.5 - https:\/\/yoast.com\/product\/yoast-seo-wordpress\/ -->\n<title>Accessoires - Texen<\/title>\n<meta name=\"robots\" content=\"index, follow, max-snippet:-1, max-image-preview:large, max-video-preview:-1\" \/>\n<link rel=\"canonical\" href=\"https:\/\/www.texen.com\/nos-marches\/parfum\/accessoires\/\" \/>\n<meta property=\"og:locale\" content=\"en_US\" \/>\n<meta property=\"og:type\" content=\"article\" \/>\n<meta property=\"og:title\" content=\"Accessoires - Texen\" \/>\n<meta property=\"og:url\" content=\"https:\/\/www.texen.com\/nos-marches\/parfum\/accessoires\/\" \/>\n<meta property=\"og:site_name\" content=\"Texen\" \/>\n<meta property=\"article:modified_time\" content=\"2024-11-14T14:09:22+00:00\" \/>\n<meta name=\"twitter:card\" content=\"summary_large_image\" \/>\n<script type=\"application\/ld+json\" class=\"yoast-schema-graph\">{\"@context\":\"https:\\\/\\\/schema.org\",\"@graph\":[{\"@type\":\"WebPage\",\"@id\":\"https:\\\/\\\/www.texen.com\\\/nos-marches\\\/parfum\\\/accessoires\\\/\",\"url\":\"https:\\\/\\\/www.texen.com\\\/nos-marches\\\/parfum\\\/accessoires\\\/\",\"name\":\"Accessoires - Texen\",\"isPartOf\":{\"@id\":\"https:\\\/\\\/www.texen.com\\\/#website\"},\"datePublished\":\"2021-01-25T16:28:14+00:00\",\"dateModified\":\"2024-11-14T14:09:22+00:00\",\"breadcrumb\":{\"@id\":\"https:\\\/\\\/www.texen.com\\\/nos-marches\\\/parfum\\\/accessoires\\\/#breadcrumb\"},\"inLanguage\":\"en-US\",\"potentialAction\":[{\"@type\":\"ReadAction\",\"target\":[\"https:\\\/\\\/www.texen.com\\\/nos-marches\\\/parfum\\\/accessoires\\\/\"]}]},{\"@type\":\"BreadcrumbList\",\"@id\":\"https:\\\/\\\/www.texen.com\\\/nos-marches\\\/parfum\\\/accessoires\\\/#breadcrumb\",\"itemListElement\":[{\"@type\":\"ListItem\",\"position\":1,\"name\":\"March\u00e9s &amp; Offre\",\"item\":\"https:\\\/\\\/www.texen.com\\\/nos-marches\\\/\"},{\"@type\":\"ListItem\",\"position\":2,\"name\":\"Parfum\",\"item\":\"https:\\\/\\\/www.texen.com\\\/nos-marches\\\/parfum\\\/\"},{\"@type\":\"ListItem\",\"position\":3,\"name\":\"Accessoires\"}]},{\"@type\":\"WebSite\",\"@id\":\"https:\\\/\\\/www.texen.com\\\/#website\",\"url\":\"https:\\\/\\\/www.texen.com\\\/\",\"name\":\"Texen\",\"description\":\"Un site utilisant Les sites de PSB-Industries\",\"publisher\":{\"@id\":\"https:\\\/\\\/www.texen.com\\\/#organization\"},\"potentialAction\":[{\"@type\":\"SearchAction\",\"target\":{\"@type\":\"EntryPoint\",\"urlTemplate\":\"https:\\\/\\\/www.texen.com\\\/?s={search_term_string}\"},\"query-input\":{\"@type\":\"PropertyValueSpecification\",\"valueRequired\":true,\"valueName\":\"search_term_string\"}}],\"inLanguage\":\"en-US\"},{\"@type\":\"Organization\",\"@id\":\"https:\\\/\\\/www.texen.com\\\/#organization\",\"name\":\"Texen\",\"url\":\"https:\\\/\\\/www.texen.com\\\/\",\"logo\":{\"@type\":\"ImageObject\",\"inLanguage\":\"en-US\",\"@id\":\"https:\\\/\\\/www.texen.com\\\/#\\\/schema\\\/logo\\\/image\\\/\",\"url\":\"https:\\\/\\\/www.texen.com\\\/app\\\/uploads\\\/2026\\\/03\\\/cropped-cropped-Capture-decran-2026-03-30-101410-1-1.jpg\",\"contentUrl\":\"https:\\\/\\\/www.texen.com\\\/app\\\/uploads\\\/2026\\\/03\\\/cropped-cropped-Capture-decran-2026-03-30-101410-1-1.jpg\",\"width\":1200,\"height\":156,\"caption\":\"Texen\"},\"image\":{\"@id\":\"https:\\\/\\\/www.texen.com\\\/#\\\/schema\\\/logo\\\/image\\\/\"}}]}<\/script>\n<!-- \/ Yoast SEO plugin. -->","yoast_head_json":{"title":"Accessoires - Texen","robots":{"index":"index","follow":"follow","max-snippet":"max-snippet:-1","max-image-preview":"max-image-preview:large","max-video-preview":"max-video-preview:-1"},"canonical":"https:\/\/www.texen.com\/nos-marches\/parfum\/accessoires\/","og_locale":"en_US","og_type":"article","og_title":"Accessoires - Texen","og_url":"https:\/\/www.texen.com\/nos-marches\/parfum\/accessoires\/","og_site_name":"Texen","article_modified_time":"2024-11-14T14:09:22+00:00","twitter_card":"summary_large_image","schema":{"@context":"https:\/\/schema.org","@graph":[{"@type":"WebPage","@id":"https:\/\/www.texen.com\/nos-marches\/parfum\/accessoires\/","url":"https:\/\/www.texen.com\/nos-marches\/parfum\/accessoires\/","name":"Accessoires - Texen","isPartOf":{"@id":"https:\/\/www.texen.com\/#website"},"datePublished":"2021-01-25T16:28:14+00:00","dateModified":"2024-11-14T14:09:22+00:00","breadcrumb":{"@id":"https:\/\/www.texen.com\/nos-marches\/parfum\/accessoires\/#breadcrumb"},"inLanguage":"en-US","potentialAction":[{"@type":"ReadAction","target":["https:\/\/www.texen.com\/nos-marches\/parfum\/accessoires\/"]}]},{"@type":"BreadcrumbList","@id":"https:\/\/www.texen.com\/nos-marches\/parfum\/accessoires\/#breadcrumb","itemListElement":[{"@type":"ListItem","position":1,"name":"March\u00e9s &amp; Offre","item":"https:\/\/www.texen.com\/nos-marches\/"},{"@type":"ListItem","position":2,"name":"Parfum","item":"https:\/\/www.texen.com\/nos-marches\/parfum\/"},{"@type":"ListItem","position":3,"name":"Accessoires"}]},{"@type":"WebSite","@id":"https:\/\/www.texen.com\/#website","url":"https:\/\/www.texen.com\/","name":"Texen","description":"Un site utilisant Les sites de PSB-Industries","publisher":{"@id":"https:\/\/www.texen.com\/#organization"},"potentialAction":[{"@type":"SearchAction","target":{"@type":"EntryPoint","urlTemplate":"https:\/\/www.texen.com\/?s={search_term_string}"},"query-input":{"@type":"PropertyValueSpecification","valueRequired":true,"valueName":"search_term_string"}}],"inLanguage":"en-US"},{"@type":"Organization","@id":"https:\/\/www.texen.com\/#organization","name":"Texen","url":"https:\/\/www.texen.com\/","logo":{"@type":"ImageObject","inLanguage":"en-US","@id":"https:\/\/www.texen.com\/#\/schema\/logo\/image\/","url":"https:\/\/www.texen.com\/app\/uploads\/2026\/03\/cropped-cropped-Capture-decran-2026-03-30-101410-1-1.jpg","contentUrl":"https:\/\/www.texen.com\/app\/uploads\/2026\/03\/cropped-cropped-Capture-decran-2026-03-30-101410-1-1.jpg","width":1200,"height":156,"caption":"Texen"},"image":{"@id":"https:\/\/www.texen.com\/#\/schema\/logo\/image\/"}}]}},"_links":{"self":[{"href":"https:\/\/www.texen.com\/en\/wp-json\/wp\/v2\/pages\/738","targetHints":{"allow":["GET"]}}],"collection":[{"href":"https:\/\/www.texen.com\/en\/wp-json\/wp\/v2\/pages"}],"about":[{"href":"https:\/\/www.texen.com\/en\/wp-json\/wp\/v2\/types\/page"}],"author":[{"embeddable":true,"href":"https:\/\/www.texen.com\/en\/wp-json\/wp\/v2\/users\/8"}],"replies":[{"embeddable":true,"href":"https:\/\/www.texen.com\/en\/wp-json\/wp\/v2\/comments?post=738"}],"version-history":[{"count":14,"href":"https:\/\/www.texen.com\/en\/wp-json\/wp\/v2\/pages\/738\/revisions"}],"predecessor-version":[{"id":6848,"href":"https:\/\/www.texen.com\/en\/wp-json\/wp\/v2\/pages\/738\/revisions\/6848"}],"up":[{"embeddable":true,"href":"https:\/\/www.texen.com\/en\/wp-json\/wp\/v2\/pages\/107"}],"wp:attachment":[{"href":"https:\/\/www.texen.com\/en\/wp-json\/wp\/v2\/media?parent=738"}],"curies":[{"name":"wp","href":"https:\/\/api.w.org\/{rel}","templated":true}]}}