{"id":744,"date":"2021-01-25T17:34:43","date_gmt":"2021-01-25T16:34:43","guid":{"rendered":"https:\/\/www.texen.com\/?page_id=744"},"modified":"2024-11-14T15:10:25","modified_gmt":"2024-11-14T14:10:25","slug":"bouchons","status":"publish","type":"page","link":"https:\/\/www.texen.com\/en\/nos-marches\/spiritieux\/bouchons\/","title":{"rendered":"Bouchons"},"content":{"rendered":"","protected":false},"excerpt":{"rendered":"","protected":false},"author":8,"featured_media":0,"parent":109,"menu_order":0,"comment_status":"closed","ping_status":"closed","template":"templates\/template-produits-case-study.php","meta":{"_acf_changed":false,"inline_featured_image":false,"footnotes":""},"class_list":["post-744","page","type-page","status-publish","hentry"],"acf":{"chapeau":"","apercu_img":385,"articles":[{"acf_fc_layout":"bloc_texte","texte":"<h2>Bouchon<\/h2>\n<p><img loading=\"lazy\" decoding=\"async\" class=\"alignnone size-medium wp-image-745\" src=\"http:\/\/www.psb-industries.com\/app\/uploads\/sites\/2\/2021\/01\/Bouchons-spiritueux-Texen-300x132.png\" alt=\"\" width=\"300\" height=\"132\" srcset=\"https:\/\/www.texen.com\/app\/uploads\/2021\/01\/Bouchons-spiritueux-Texen-300x132.png 300w, https:\/\/www.texen.com\/app\/uploads\/2021\/01\/Bouchons-spiritueux-Texen-1024x452.png 1024w, https:\/\/www.texen.com\/app\/uploads\/2021\/01\/Bouchons-spiritueux-Texen-768x339.png 768w, https:\/\/www.texen.com\/app\/uploads\/2021\/01\/Bouchons-spiritueux-Texen-1536x678.png 1536w, https:\/\/www.texen.com\/app\/uploads\/2021\/01\/Bouchons-spiritueux-Texen-2048x904.png 2048w\" sizes=\"auto, (max-width: 300px) 100vw, 300px\" \/><\/p>\n<p>Le site de Rose a r\u00e9alis\u00e9 cette t\u00eate de bouchon en 3 tailles inject\u00e9es avec gravure, un savoir-faire sp\u00e9cifique.<\/p>\n"}],"actualites":"","push_pages":[{"texte_push":"Nos march\u00e9s","page":"https:\/\/www.texen.com\/en\/markets-offer\/"},{"texte_push":"Coffrets","page":"https:\/\/www.texen.com\/en\/nos-marches\/spiritieux\/coffrets\/"}],"header-img":6545,"titre_page":"Bouchons","texte_intro":"","etapes":[{"titre_du_bloc":"Bouchons","image":"https:\/\/www.texen.com\/app\/uploads\/2021\/01\/Bouchons-spiritueux-Texen.png","texte":"Le site de Rose a r\u00e9alis\u00e9 cette t\u00eate de bouchon en 3 tailles inject\u00e9es avec gravure, un savoir-faire sp\u00e9cifique."}]},"yoast_head":"<!-- This site is optimized with the Yoast SEO plugin v27.3 - https:\/\/yoast.com\/product\/yoast-seo-wordpress\/ -->\n<title>Bouchons - Texen<\/title>\n<meta name=\"robots\" content=\"index, follow, max-snippet:-1, max-image-preview:large, max-video-preview:-1\" \/>\n<link rel=\"canonical\" href=\"https:\/\/www.texen.com\/nos-marches\/spiritieux\/bouchons\/\" \/>\n<meta property=\"og:locale\" content=\"en_US\" \/>\n<meta property=\"og:type\" content=\"article\" \/>\n<meta property=\"og:title\" content=\"Bouchons - Texen\" \/>\n<meta property=\"og:url\" content=\"https:\/\/www.texen.com\/nos-marches\/spiritieux\/bouchons\/\" \/>\n<meta property=\"og:site_name\" content=\"Texen\" \/>\n<meta property=\"article:modified_time\" content=\"2024-11-14T14:10:25+00:00\" \/>\n<meta name=\"twitter:card\" content=\"summary_large_image\" \/>\n<script type=\"application\/ld+json\" class=\"yoast-schema-graph\">{\"@context\":\"https:\\\/\\\/schema.org\",\"@graph\":[{\"@type\":\"WebPage\",\"@id\":\"https:\\\/\\\/www.texen.com\\\/nos-marches\\\/spiritieux\\\/bouchons\\\/\",\"url\":\"https:\\\/\\\/www.texen.com\\\/nos-marches\\\/spiritieux\\\/bouchons\\\/\",\"name\":\"Bouchons - Texen\",\"isPartOf\":{\"@id\":\"https:\\\/\\\/www.texen.com\\\/#website\"},\"datePublished\":\"2021-01-25T16:34:43+00:00\",\"dateModified\":\"2024-11-14T14:10:25+00:00\",\"breadcrumb\":{\"@id\":\"https:\\\/\\\/www.texen.com\\\/nos-marches\\\/spiritieux\\\/bouchons\\\/#breadcrumb\"},\"inLanguage\":\"en-US\",\"potentialAction\":[{\"@type\":\"ReadAction\",\"target\":[\"https:\\\/\\\/www.texen.com\\\/nos-marches\\\/spiritieux\\\/bouchons\\\/\"]}]},{\"@type\":\"BreadcrumbList\",\"@id\":\"https:\\\/\\\/www.texen.com\\\/nos-marches\\\/spiritieux\\\/bouchons\\\/#breadcrumb\",\"itemListElement\":[{\"@type\":\"ListItem\",\"position\":1,\"name\":\"March\u00e9s &amp; Offre\",\"item\":\"https:\\\/\\\/www.texen.com\\\/nos-marches\\\/\"},{\"@type\":\"ListItem\",\"position\":2,\"name\":\"Spiritueux\",\"item\":\"https:\\\/\\\/www.texen.com\\\/nos-marches\\\/spiritieux\\\/\"},{\"@type\":\"ListItem\",\"position\":3,\"name\":\"Bouchons\"}]},{\"@type\":\"WebSite\",\"@id\":\"https:\\\/\\\/www.texen.com\\\/#website\",\"url\":\"https:\\\/\\\/www.texen.com\\\/\",\"name\":\"Texen\",\"description\":\"Un site utilisant Les sites de PSB-Industries\",\"publisher\":{\"@id\":\"https:\\\/\\\/www.texen.com\\\/#organization\"},\"potentialAction\":[{\"@type\":\"SearchAction\",\"target\":{\"@type\":\"EntryPoint\",\"urlTemplate\":\"https:\\\/\\\/www.texen.com\\\/?s={search_term_string}\"},\"query-input\":{\"@type\":\"PropertyValueSpecification\",\"valueRequired\":true,\"valueName\":\"search_term_string\"}}],\"inLanguage\":\"en-US\"},{\"@type\":\"Organization\",\"@id\":\"https:\\\/\\\/www.texen.com\\\/#organization\",\"name\":\"Texen\",\"url\":\"https:\\\/\\\/www.texen.com\\\/\",\"logo\":{\"@type\":\"ImageObject\",\"inLanguage\":\"en-US\",\"@id\":\"https:\\\/\\\/www.texen.com\\\/#\\\/schema\\\/logo\\\/image\\\/\",\"url\":\"https:\\\/\\\/www.texen.com\\\/app\\\/uploads\\\/2026\\\/03\\\/cropped-cropped-Capture-decran-2026-03-30-101410-1-1.jpg\",\"contentUrl\":\"https:\\\/\\\/www.texen.com\\\/app\\\/uploads\\\/2026\\\/03\\\/cropped-cropped-Capture-decran-2026-03-30-101410-1-1.jpg\",\"width\":1200,\"height\":156,\"caption\":\"Texen\"},\"image\":{\"@id\":\"https:\\\/\\\/www.texen.com\\\/#\\\/schema\\\/logo\\\/image\\\/\"}}]}<\/script>\n<!-- \/ Yoast SEO plugin. -->","yoast_head_json":{"title":"Bouchons - Texen","robots":{"index":"index","follow":"follow","max-snippet":"max-snippet:-1","max-image-preview":"max-image-preview:large","max-video-preview":"max-video-preview:-1"},"canonical":"https:\/\/www.texen.com\/nos-marches\/spiritieux\/bouchons\/","og_locale":"en_US","og_type":"article","og_title":"Bouchons - Texen","og_url":"https:\/\/www.texen.com\/nos-marches\/spiritieux\/bouchons\/","og_site_name":"Texen","article_modified_time":"2024-11-14T14:10:25+00:00","twitter_card":"summary_large_image","schema":{"@context":"https:\/\/schema.org","@graph":[{"@type":"WebPage","@id":"https:\/\/www.texen.com\/nos-marches\/spiritieux\/bouchons\/","url":"https:\/\/www.texen.com\/nos-marches\/spiritieux\/bouchons\/","name":"Bouchons - Texen","isPartOf":{"@id":"https:\/\/www.texen.com\/#website"},"datePublished":"2021-01-25T16:34:43+00:00","dateModified":"2024-11-14T14:10:25+00:00","breadcrumb":{"@id":"https:\/\/www.texen.com\/nos-marches\/spiritieux\/bouchons\/#breadcrumb"},"inLanguage":"en-US","potentialAction":[{"@type":"ReadAction","target":["https:\/\/www.texen.com\/nos-marches\/spiritieux\/bouchons\/"]}]},{"@type":"BreadcrumbList","@id":"https:\/\/www.texen.com\/nos-marches\/spiritieux\/bouchons\/#breadcrumb","itemListElement":[{"@type":"ListItem","position":1,"name":"March\u00e9s &amp; Offre","item":"https:\/\/www.texen.com\/nos-marches\/"},{"@type":"ListItem","position":2,"name":"Spiritueux","item":"https:\/\/www.texen.com\/nos-marches\/spiritieux\/"},{"@type":"ListItem","position":3,"name":"Bouchons"}]},{"@type":"WebSite","@id":"https:\/\/www.texen.com\/#website","url":"https:\/\/www.texen.com\/","name":"Texen","description":"Un site utilisant Les sites de PSB-Industries","publisher":{"@id":"https:\/\/www.texen.com\/#organization"},"potentialAction":[{"@type":"SearchAction","target":{"@type":"EntryPoint","urlTemplate":"https:\/\/www.texen.com\/?s={search_term_string}"},"query-input":{"@type":"PropertyValueSpecification","valueRequired":true,"valueName":"search_term_string"}}],"inLanguage":"en-US"},{"@type":"Organization","@id":"https:\/\/www.texen.com\/#organization","name":"Texen","url":"https:\/\/www.texen.com\/","logo":{"@type":"ImageObject","inLanguage":"en-US","@id":"https:\/\/www.texen.com\/#\/schema\/logo\/image\/","url":"https:\/\/www.texen.com\/app\/uploads\/2026\/03\/cropped-cropped-Capture-decran-2026-03-30-101410-1-1.jpg","contentUrl":"https:\/\/www.texen.com\/app\/uploads\/2026\/03\/cropped-cropped-Capture-decran-2026-03-30-101410-1-1.jpg","width":1200,"height":156,"caption":"Texen"},"image":{"@id":"https:\/\/www.texen.com\/#\/schema\/logo\/image\/"}}]}},"_links":{"self":[{"href":"https:\/\/www.texen.com\/en\/wp-json\/wp\/v2\/pages\/744","targetHints":{"allow":["GET"]}}],"collection":[{"href":"https:\/\/www.texen.com\/en\/wp-json\/wp\/v2\/pages"}],"about":[{"href":"https:\/\/www.texen.com\/en\/wp-json\/wp\/v2\/types\/page"}],"author":[{"embeddable":true,"href":"https:\/\/www.texen.com\/en\/wp-json\/wp\/v2\/users\/8"}],"replies":[{"embeddable":true,"href":"https:\/\/www.texen.com\/en\/wp-json\/wp\/v2\/comments?post=744"}],"version-history":[{"count":11,"href":"https:\/\/www.texen.com\/en\/wp-json\/wp\/v2\/pages\/744\/revisions"}],"predecessor-version":[{"id":6850,"href":"https:\/\/www.texen.com\/en\/wp-json\/wp\/v2\/pages\/744\/revisions\/6850"}],"up":[{"embeddable":true,"href":"https:\/\/www.texen.com\/en\/wp-json\/wp\/v2\/pages\/109"}],"wp:attachment":[{"href":"https:\/\/www.texen.com\/en\/wp-json\/wp\/v2\/media?parent=744"}],"curies":[{"name":"wp","href":"https:\/\/api.w.org\/{rel}","templated":true}]}}