{"id":748,"date":"2021-01-25T17:38:06","date_gmt":"2021-01-25T16:38:06","guid":{"rendered":"https:\/\/www.texen.com\/?page_id=748"},"modified":"2024-11-14T15:10:52","modified_gmt":"2024-11-14T14:10:52","slug":"coffrets","status":"publish","type":"page","link":"https:\/\/www.texen.com\/en\/nos-marches\/spiritieux\/coffrets\/","title":{"rendered":"Coffrets"},"content":{"rendered":"","protected":false},"excerpt":{"rendered":"","protected":false},"author":8,"featured_media":0,"parent":109,"menu_order":0,"comment_status":"closed","ping_status":"closed","template":"templates\/template-produits-case-study.php","meta":{"_acf_changed":false,"inline_featured_image":false,"footnotes":""},"class_list":["post-748","page","type-page","status-publish","hentry"],"acf":{"chapeau":"","apercu_img":385,"articles":[{"acf_fc_layout":"bloc_texte","texte":"<h2>Coffret<\/h2>\n<p><img loading=\"lazy\" decoding=\"async\" class=\"size-medium wp-image-749 alignleft\" src=\"http:\/\/www.psb-industries.com\/app\/uploads\/sites\/2\/2021\/01\/Coffret-spiritueux-Texen-242x300.png\" alt=\"\" width=\"242\" height=\"300\" srcset=\"https:\/\/www.texen.com\/app\/uploads\/2021\/01\/Coffret-spiritueux-Texen-242x300.png 242w, https:\/\/www.texen.com\/app\/uploads\/2021\/01\/Coffret-spiritueux-Texen-825x1024.png 825w, https:\/\/www.texen.com\/app\/uploads\/2021\/01\/Coffret-spiritueux-Texen-768x953.png 768w, https:\/\/www.texen.com\/app\/uploads\/2021\/01\/Coffret-spiritueux-Texen-1237x1536.png 1237w, https:\/\/www.texen.com\/app\/uploads\/2021\/01\/Coffret-spiritueux-Texen-1650x2048.png 1650w\" sizes=\"auto, (max-width: 242px) 100vw, 242px\" \/><\/p>\n<p>La marque souhaitait offrir en coffret un objet utile et durable<\/p>\n<p>Cette cr\u00e9ation \u00e0 l\u2019aspect cristallin se transforme en seau \u00e0 glace. Il rel\u00e8ve de l\u2019injection complexe de gros volumes de mati\u00e8re pour des \u00e9paisseurs multiples. Les caract\u00e9ristiques du moule anticipent la cr\u00e9ation des facettes et l\u2019extraction parfaite de la pi\u00e8ce.<\/p>\n<p>Un packaging pratique, esth\u00e9tique, \u00e9coresponsable.<\/p>\n"}],"actualites":"","push_pages":[{"texte_push":"Nos march\u00e9s","page":"https:\/\/www.texen.com\/en\/markets-offer\/"},{"texte_push":"Bouchons","page":"https:\/\/www.texen.com\/en\/nos-marches\/spiritieux\/bouchons\/"}],"header-img":6545,"titre_page":"Coffrets","texte_intro":"","etapes":[{"titre_du_bloc":"Coffret","image":"https:\/\/www.texen.com\/app\/uploads\/2021\/01\/Coffret-spiritueux-Texen.png","texte":"La marque souhaitait offrir en coffret un objet utile et durable.\r\n\r\nCette cr\u00e9ation \u00e0 l\u2019aspect cristallin se transforme en seau \u00e0 glace. Il rel\u00e8ve de l\u2019injection complexe de gros volumes de mati\u00e8re pour des \u00e9paisseurs multiples. Les caract\u00e9ristiques du moule anticipent la cr\u00e9ation des facettes et l\u2019extraction parfaite de la pi\u00e8ce. \r\n\r\nUn packaging pratique, esth\u00e9tique, \u00e9coresponsable."}]},"yoast_head":"<!-- This site is optimized with the Yoast SEO plugin v27.3 - https:\/\/yoast.com\/product\/yoast-seo-wordpress\/ -->\n<title>Coffrets - Texen<\/title>\n<meta name=\"robots\" content=\"index, follow, max-snippet:-1, max-image-preview:large, max-video-preview:-1\" \/>\n<link rel=\"canonical\" href=\"https:\/\/www.texen.com\/nos-marches\/spiritieux\/coffrets\/\" \/>\n<meta property=\"og:locale\" content=\"en_US\" \/>\n<meta property=\"og:type\" content=\"article\" \/>\n<meta property=\"og:title\" content=\"Coffrets - Texen\" \/>\n<meta property=\"og:url\" content=\"https:\/\/www.texen.com\/nos-marches\/spiritieux\/coffrets\/\" \/>\n<meta property=\"og:site_name\" content=\"Texen\" \/>\n<meta property=\"article:modified_time\" content=\"2024-11-14T14:10:52+00:00\" \/>\n<meta name=\"twitter:card\" content=\"summary_large_image\" \/>\n<script type=\"application\/ld+json\" class=\"yoast-schema-graph\">{\"@context\":\"https:\\\/\\\/schema.org\",\"@graph\":[{\"@type\":\"WebPage\",\"@id\":\"https:\\\/\\\/www.texen.com\\\/nos-marches\\\/spiritieux\\\/coffrets\\\/\",\"url\":\"https:\\\/\\\/www.texen.com\\\/nos-marches\\\/spiritieux\\\/coffrets\\\/\",\"name\":\"Coffrets - Texen\",\"isPartOf\":{\"@id\":\"https:\\\/\\\/www.texen.com\\\/#website\"},\"datePublished\":\"2021-01-25T16:38:06+00:00\",\"dateModified\":\"2024-11-14T14:10:52+00:00\",\"breadcrumb\":{\"@id\":\"https:\\\/\\\/www.texen.com\\\/nos-marches\\\/spiritieux\\\/coffrets\\\/#breadcrumb\"},\"inLanguage\":\"en-US\",\"potentialAction\":[{\"@type\":\"ReadAction\",\"target\":[\"https:\\\/\\\/www.texen.com\\\/nos-marches\\\/spiritieux\\\/coffrets\\\/\"]}]},{\"@type\":\"BreadcrumbList\",\"@id\":\"https:\\\/\\\/www.texen.com\\\/nos-marches\\\/spiritieux\\\/coffrets\\\/#breadcrumb\",\"itemListElement\":[{\"@type\":\"ListItem\",\"position\":1,\"name\":\"March\u00e9s &amp; Offre\",\"item\":\"https:\\\/\\\/www.texen.com\\\/nos-marches\\\/\"},{\"@type\":\"ListItem\",\"position\":2,\"name\":\"Spiritueux\",\"item\":\"https:\\\/\\\/www.texen.com\\\/nos-marches\\\/spiritieux\\\/\"},{\"@type\":\"ListItem\",\"position\":3,\"name\":\"Coffrets\"}]},{\"@type\":\"WebSite\",\"@id\":\"https:\\\/\\\/www.texen.com\\\/#website\",\"url\":\"https:\\\/\\\/www.texen.com\\\/\",\"name\":\"Texen\",\"description\":\"Un site utilisant Les sites de PSB-Industries\",\"publisher\":{\"@id\":\"https:\\\/\\\/www.texen.com\\\/#organization\"},\"potentialAction\":[{\"@type\":\"SearchAction\",\"target\":{\"@type\":\"EntryPoint\",\"urlTemplate\":\"https:\\\/\\\/www.texen.com\\\/?s={search_term_string}\"},\"query-input\":{\"@type\":\"PropertyValueSpecification\",\"valueRequired\":true,\"valueName\":\"search_term_string\"}}],\"inLanguage\":\"en-US\"},{\"@type\":\"Organization\",\"@id\":\"https:\\\/\\\/www.texen.com\\\/#organization\",\"name\":\"Texen\",\"url\":\"https:\\\/\\\/www.texen.com\\\/\",\"logo\":{\"@type\":\"ImageObject\",\"inLanguage\":\"en-US\",\"@id\":\"https:\\\/\\\/www.texen.com\\\/#\\\/schema\\\/logo\\\/image\\\/\",\"url\":\"https:\\\/\\\/www.texen.com\\\/app\\\/uploads\\\/2026\\\/03\\\/cropped-cropped-Capture-decran-2026-03-30-101410-1-1.jpg\",\"contentUrl\":\"https:\\\/\\\/www.texen.com\\\/app\\\/uploads\\\/2026\\\/03\\\/cropped-cropped-Capture-decran-2026-03-30-101410-1-1.jpg\",\"width\":1200,\"height\":156,\"caption\":\"Texen\"},\"image\":{\"@id\":\"https:\\\/\\\/www.texen.com\\\/#\\\/schema\\\/logo\\\/image\\\/\"}}]}<\/script>\n<!-- \/ Yoast SEO plugin. -->","yoast_head_json":{"title":"Coffrets - Texen","robots":{"index":"index","follow":"follow","max-snippet":"max-snippet:-1","max-image-preview":"max-image-preview:large","max-video-preview":"max-video-preview:-1"},"canonical":"https:\/\/www.texen.com\/nos-marches\/spiritieux\/coffrets\/","og_locale":"en_US","og_type":"article","og_title":"Coffrets - Texen","og_url":"https:\/\/www.texen.com\/nos-marches\/spiritieux\/coffrets\/","og_site_name":"Texen","article_modified_time":"2024-11-14T14:10:52+00:00","twitter_card":"summary_large_image","schema":{"@context":"https:\/\/schema.org","@graph":[{"@type":"WebPage","@id":"https:\/\/www.texen.com\/nos-marches\/spiritieux\/coffrets\/","url":"https:\/\/www.texen.com\/nos-marches\/spiritieux\/coffrets\/","name":"Coffrets - Texen","isPartOf":{"@id":"https:\/\/www.texen.com\/#website"},"datePublished":"2021-01-25T16:38:06+00:00","dateModified":"2024-11-14T14:10:52+00:00","breadcrumb":{"@id":"https:\/\/www.texen.com\/nos-marches\/spiritieux\/coffrets\/#breadcrumb"},"inLanguage":"en-US","potentialAction":[{"@type":"ReadAction","target":["https:\/\/www.texen.com\/nos-marches\/spiritieux\/coffrets\/"]}]},{"@type":"BreadcrumbList","@id":"https:\/\/www.texen.com\/nos-marches\/spiritieux\/coffrets\/#breadcrumb","itemListElement":[{"@type":"ListItem","position":1,"name":"March\u00e9s &amp; Offre","item":"https:\/\/www.texen.com\/nos-marches\/"},{"@type":"ListItem","position":2,"name":"Spiritueux","item":"https:\/\/www.texen.com\/nos-marches\/spiritieux\/"},{"@type":"ListItem","position":3,"name":"Coffrets"}]},{"@type":"WebSite","@id":"https:\/\/www.texen.com\/#website","url":"https:\/\/www.texen.com\/","name":"Texen","description":"Un site utilisant Les sites de PSB-Industries","publisher":{"@id":"https:\/\/www.texen.com\/#organization"},"potentialAction":[{"@type":"SearchAction","target":{"@type":"EntryPoint","urlTemplate":"https:\/\/www.texen.com\/?s={search_term_string}"},"query-input":{"@type":"PropertyValueSpecification","valueRequired":true,"valueName":"search_term_string"}}],"inLanguage":"en-US"},{"@type":"Organization","@id":"https:\/\/www.texen.com\/#organization","name":"Texen","url":"https:\/\/www.texen.com\/","logo":{"@type":"ImageObject","inLanguage":"en-US","@id":"https:\/\/www.texen.com\/#\/schema\/logo\/image\/","url":"https:\/\/www.texen.com\/app\/uploads\/2026\/03\/cropped-cropped-Capture-decran-2026-03-30-101410-1-1.jpg","contentUrl":"https:\/\/www.texen.com\/app\/uploads\/2026\/03\/cropped-cropped-Capture-decran-2026-03-30-101410-1-1.jpg","width":1200,"height":156,"caption":"Texen"},"image":{"@id":"https:\/\/www.texen.com\/#\/schema\/logo\/image\/"}}]}},"_links":{"self":[{"href":"https:\/\/www.texen.com\/en\/wp-json\/wp\/v2\/pages\/748","targetHints":{"allow":["GET"]}}],"collection":[{"href":"https:\/\/www.texen.com\/en\/wp-json\/wp\/v2\/pages"}],"about":[{"href":"https:\/\/www.texen.com\/en\/wp-json\/wp\/v2\/types\/page"}],"author":[{"embeddable":true,"href":"https:\/\/www.texen.com\/en\/wp-json\/wp\/v2\/users\/8"}],"replies":[{"embeddable":true,"href":"https:\/\/www.texen.com\/en\/wp-json\/wp\/v2\/comments?post=748"}],"version-history":[{"count":9,"href":"https:\/\/www.texen.com\/en\/wp-json\/wp\/v2\/pages\/748\/revisions"}],"predecessor-version":[{"id":6851,"href":"https:\/\/www.texen.com\/en\/wp-json\/wp\/v2\/pages\/748\/revisions\/6851"}],"up":[{"embeddable":true,"href":"https:\/\/www.texen.com\/en\/wp-json\/wp\/v2\/pages\/109"}],"wp:attachment":[{"href":"https:\/\/www.texen.com\/en\/wp-json\/wp\/v2\/media?parent=748"}],"curies":[{"name":"wp","href":"https:\/\/api.w.org\/{rel}","templated":true}]}}