{"id":754,"date":"2021-01-25T17:47:04","date_gmt":"2021-01-25T16:47:04","guid":{"rendered":"https:\/\/www.texen.com\/?page_id=754"},"modified":"2024-11-14T15:11:43","modified_gmt":"2024-11-14T14:11:43","slug":"lipgloss-rouges-a-levres","status":"publish","type":"page","link":"https:\/\/www.texen.com\/en\/nos-marches\/nos-standards\/lipgloss-rouges-a-levres\/","title":{"rendered":"Lipgloss &amp; Rouges \u00e0 l\u00e8vres"},"content":{"rendered":"","protected":false},"excerpt":{"rendered":"","protected":false},"author":8,"featured_media":0,"parent":514,"menu_order":0,"comment_status":"closed","ping_status":"closed","template":"templates\/template-produits-case-study.php","meta":{"_acf_changed":false,"inline_featured_image":false,"footnotes":""},"class_list":["post-754","page","type-page","status-publish","hentry"],"acf":{"chapeau":"","apercu_img":237,"articles":[{"acf_fc_layout":"bloc_texte","texte":"<p>Texen propose diverses gammes d\u2019applicateurs dont le design et la technologie ciblent une gestuelle maquillage toujours plus pertinente. Solutions \u00e9coresponsables, elles gagnent la force d\u2019innovation du Texen Lab. Par exemple, la gamme Beautifull lips d\u00e9cline le Mucell\u00ae, un process innovant qui procure un toucher lisse et a\u00e9rien pour un r\u00e9sultat maquillage bluffant. Les applicateurs Downy ont la souplesse, la douceur et la pr\u00e9cision de micro-picots pour un incroyable rendu sensoriel.<\/p>\n<h2>Beautifull Lips<\/h2>\n<p><img loading=\"lazy\" decoding=\"async\" class=\"alignnone wp-image-755 size-large\" src=\"http:\/\/www.psb-industries.com\/app\/uploads\/sites\/2\/2021\/01\/Beautifull-Lips-by-Texen-1024x566.jpg\" alt=\"\" width=\"640\" height=\"354\" srcset=\"https:\/\/www.texen.com\/app\/uploads\/2021\/01\/Beautifull-Lips-by-Texen-1024x566.jpg 1024w, https:\/\/www.texen.com\/app\/uploads\/2021\/01\/Beautifull-Lips-by-Texen-300x166.jpg 300w, https:\/\/www.texen.com\/app\/uploads\/2021\/01\/Beautifull-Lips-by-Texen-768x425.jpg 768w, https:\/\/www.texen.com\/app\/uploads\/2021\/01\/Beautifull-Lips-by-Texen-1536x850.jpg 1536w, https:\/\/www.texen.com\/app\/uploads\/2021\/01\/Beautifull-Lips-by-Texen-2048x1133.jpg 2048w\" sizes=\"auto, (max-width: 640px) 100vw, 640px\" \/><\/p>\n<p>Beautifull Lips : phase pilote<\/p>\n"}],"actualites":"","push_pages":[{"texte_push":"Nos march\u00e9s","page":"https:\/\/www.texen.com\/en\/markets-offer\/"},{"texte_push":"Mascaras","page":"https:\/\/www.texen.com\/en\/nos-marches\/nos-standards\/mascaras\/"}],"header-img":6545,"titre_page":"Lipgloss &amp; Rouges \u00e0 l\u00e8vres","texte_intro":"<p>Texen propose diverses gammes d\u2019applicateurs dont le design et la technologie ciblent une gestuelle maquillage toujours plus pertinente. Solutions \u00e9coresponsables, elles gagnent la force d\u2019innovation du Texen Lab. Par exemple, la gamme Beautifull lips d\u00e9cline un process innovant qui procure un toucher lisse et a\u00e9rien pour un r\u00e9sultat maquillage bluffant. Les applicateurs Downy ont la souplesse, la douceur et la pr\u00e9cision de micro-picots pour un incroyable rendu sensoriel.<\/p>\n","etapes":[{"titre_du_bloc":"Beautifull Lips","image":"https:\/\/www.texen.com\/app\/uploads\/2021\/01\/Beautifull-Lips-by-Texen-scaled.jpg","texte":"Beautifull Lips : phase pilote"},{"titre_du_bloc":"Applicateurs Downy","image":"https:\/\/www.texen.com\/app\/uploads\/2022\/11\/Applicateurs-Downy.png","texte":"Les applicateurs Downy sont \u00e9co-responsables (sans colle ni flock) et personnalisables.\r\nLes micro-picots inject\u00e9s rendent l'application douce &amp; agr\u00e9able "},{"titre_du_bloc":"Applicateur floqu\u00e9 1","image":"https:\/\/www.texen.com\/app\/uploads\/2022\/11\/Ring-lipgloss.png","texte":" "},{"titre_du_bloc":"Applicateur floqu\u00e9 2","image":"https:\/\/www.texen.com\/app\/uploads\/2022\/11\/Flat-lipgloss.png","texte":" "}]},"yoast_head":"<!-- This site is optimized with the Yoast SEO plugin v27.3 - https:\/\/yoast.com\/product\/yoast-seo-wordpress\/ -->\n<title>Lipgloss &amp; Rouges \u00e0 l\u00e8vres - Texen<\/title>\n<meta name=\"robots\" content=\"index, follow, max-snippet:-1, max-image-preview:large, max-video-preview:-1\" \/>\n<link rel=\"canonical\" href=\"https:\/\/www.texen.com\/nos-marches\/nos-standards\/lipgloss-rouges-a-levres\/\" \/>\n<meta property=\"og:locale\" content=\"en_US\" \/>\n<meta property=\"og:type\" content=\"article\" \/>\n<meta property=\"og:title\" content=\"Lipgloss &amp; Rouges \u00e0 l\u00e8vres - Texen\" \/>\n<meta property=\"og:url\" content=\"https:\/\/www.texen.com\/nos-marches\/nos-standards\/lipgloss-rouges-a-levres\/\" \/>\n<meta property=\"og:site_name\" content=\"Texen\" \/>\n<meta property=\"article:modified_time\" content=\"2024-11-14T14:11:43+00:00\" \/>\n<meta name=\"twitter:card\" content=\"summary_large_image\" \/>\n<script type=\"application\/ld+json\" class=\"yoast-schema-graph\">{\"@context\":\"https:\\\/\\\/schema.org\",\"@graph\":[{\"@type\":\"WebPage\",\"@id\":\"https:\\\/\\\/www.texen.com\\\/nos-marches\\\/nos-standards\\\/lipgloss-rouges-a-levres\\\/\",\"url\":\"https:\\\/\\\/www.texen.com\\\/nos-marches\\\/nos-standards\\\/lipgloss-rouges-a-levres\\\/\",\"name\":\"Lipgloss &amp; Rouges \u00e0 l\u00e8vres - Texen\",\"isPartOf\":{\"@id\":\"https:\\\/\\\/www.texen.com\\\/#website\"},\"datePublished\":\"2021-01-25T16:47:04+00:00\",\"dateModified\":\"2024-11-14T14:11:43+00:00\",\"breadcrumb\":{\"@id\":\"https:\\\/\\\/www.texen.com\\\/nos-marches\\\/nos-standards\\\/lipgloss-rouges-a-levres\\\/#breadcrumb\"},\"inLanguage\":\"en-US\",\"potentialAction\":[{\"@type\":\"ReadAction\",\"target\":[\"https:\\\/\\\/www.texen.com\\\/nos-marches\\\/nos-standards\\\/lipgloss-rouges-a-levres\\\/\"]}]},{\"@type\":\"BreadcrumbList\",\"@id\":\"https:\\\/\\\/www.texen.com\\\/nos-marches\\\/nos-standards\\\/lipgloss-rouges-a-levres\\\/#breadcrumb\",\"itemListElement\":[{\"@type\":\"ListItem\",\"position\":1,\"name\":\"March\u00e9s &amp; Offre\",\"item\":\"https:\\\/\\\/www.texen.com\\\/nos-marches\\\/\"},{\"@type\":\"ListItem\",\"position\":2,\"name\":\"Produits standards\",\"item\":\"https:\\\/\\\/www.texen.com\\\/nos-marches\\\/nos-standards\\\/\"},{\"@type\":\"ListItem\",\"position\":3,\"name\":\"Lipgloss &amp; Rouges \u00e0 l\u00e8vres\"}]},{\"@type\":\"WebSite\",\"@id\":\"https:\\\/\\\/www.texen.com\\\/#website\",\"url\":\"https:\\\/\\\/www.texen.com\\\/\",\"name\":\"Texen\",\"description\":\"Un site utilisant Les sites de PSB-Industries\",\"publisher\":{\"@id\":\"https:\\\/\\\/www.texen.com\\\/#organization\"},\"potentialAction\":[{\"@type\":\"SearchAction\",\"target\":{\"@type\":\"EntryPoint\",\"urlTemplate\":\"https:\\\/\\\/www.texen.com\\\/?s={search_term_string}\"},\"query-input\":{\"@type\":\"PropertyValueSpecification\",\"valueRequired\":true,\"valueName\":\"search_term_string\"}}],\"inLanguage\":\"en-US\"},{\"@type\":\"Organization\",\"@id\":\"https:\\\/\\\/www.texen.com\\\/#organization\",\"name\":\"Texen\",\"url\":\"https:\\\/\\\/www.texen.com\\\/\",\"logo\":{\"@type\":\"ImageObject\",\"inLanguage\":\"en-US\",\"@id\":\"https:\\\/\\\/www.texen.com\\\/#\\\/schema\\\/logo\\\/image\\\/\",\"url\":\"https:\\\/\\\/www.texen.com\\\/app\\\/uploads\\\/2026\\\/03\\\/cropped-cropped-Capture-decran-2026-03-30-101410-1-1.jpg\",\"contentUrl\":\"https:\\\/\\\/www.texen.com\\\/app\\\/uploads\\\/2026\\\/03\\\/cropped-cropped-Capture-decran-2026-03-30-101410-1-1.jpg\",\"width\":1200,\"height\":156,\"caption\":\"Texen\"},\"image\":{\"@id\":\"https:\\\/\\\/www.texen.com\\\/#\\\/schema\\\/logo\\\/image\\\/\"}}]}<\/script>\n<!-- \/ Yoast SEO plugin. -->","yoast_head_json":{"title":"Lipgloss &amp; Rouges \u00e0 l\u00e8vres - Texen","robots":{"index":"index","follow":"follow","max-snippet":"max-snippet:-1","max-image-preview":"max-image-preview:large","max-video-preview":"max-video-preview:-1"},"canonical":"https:\/\/www.texen.com\/nos-marches\/nos-standards\/lipgloss-rouges-a-levres\/","og_locale":"en_US","og_type":"article","og_title":"Lipgloss &amp; Rouges \u00e0 l\u00e8vres - Texen","og_url":"https:\/\/www.texen.com\/nos-marches\/nos-standards\/lipgloss-rouges-a-levres\/","og_site_name":"Texen","article_modified_time":"2024-11-14T14:11:43+00:00","twitter_card":"summary_large_image","schema":{"@context":"https:\/\/schema.org","@graph":[{"@type":"WebPage","@id":"https:\/\/www.texen.com\/nos-marches\/nos-standards\/lipgloss-rouges-a-levres\/","url":"https:\/\/www.texen.com\/nos-marches\/nos-standards\/lipgloss-rouges-a-levres\/","name":"Lipgloss &amp; Rouges \u00e0 l\u00e8vres - Texen","isPartOf":{"@id":"https:\/\/www.texen.com\/#website"},"datePublished":"2021-01-25T16:47:04+00:00","dateModified":"2024-11-14T14:11:43+00:00","breadcrumb":{"@id":"https:\/\/www.texen.com\/nos-marches\/nos-standards\/lipgloss-rouges-a-levres\/#breadcrumb"},"inLanguage":"en-US","potentialAction":[{"@type":"ReadAction","target":["https:\/\/www.texen.com\/nos-marches\/nos-standards\/lipgloss-rouges-a-levres\/"]}]},{"@type":"BreadcrumbList","@id":"https:\/\/www.texen.com\/nos-marches\/nos-standards\/lipgloss-rouges-a-levres\/#breadcrumb","itemListElement":[{"@type":"ListItem","position":1,"name":"March\u00e9s &amp; Offre","item":"https:\/\/www.texen.com\/nos-marches\/"},{"@type":"ListItem","position":2,"name":"Produits standards","item":"https:\/\/www.texen.com\/nos-marches\/nos-standards\/"},{"@type":"ListItem","position":3,"name":"Lipgloss &amp; Rouges \u00e0 l\u00e8vres"}]},{"@type":"WebSite","@id":"https:\/\/www.texen.com\/#website","url":"https:\/\/www.texen.com\/","name":"Texen","description":"Un site utilisant Les sites de PSB-Industries","publisher":{"@id":"https:\/\/www.texen.com\/#organization"},"potentialAction":[{"@type":"SearchAction","target":{"@type":"EntryPoint","urlTemplate":"https:\/\/www.texen.com\/?s={search_term_string}"},"query-input":{"@type":"PropertyValueSpecification","valueRequired":true,"valueName":"search_term_string"}}],"inLanguage":"en-US"},{"@type":"Organization","@id":"https:\/\/www.texen.com\/#organization","name":"Texen","url":"https:\/\/www.texen.com\/","logo":{"@type":"ImageObject","inLanguage":"en-US","@id":"https:\/\/www.texen.com\/#\/schema\/logo\/image\/","url":"https:\/\/www.texen.com\/app\/uploads\/2026\/03\/cropped-cropped-Capture-decran-2026-03-30-101410-1-1.jpg","contentUrl":"https:\/\/www.texen.com\/app\/uploads\/2026\/03\/cropped-cropped-Capture-decran-2026-03-30-101410-1-1.jpg","width":1200,"height":156,"caption":"Texen"},"image":{"@id":"https:\/\/www.texen.com\/#\/schema\/logo\/image\/"}}]}},"_links":{"self":[{"href":"https:\/\/www.texen.com\/en\/wp-json\/wp\/v2\/pages\/754","targetHints":{"allow":["GET"]}}],"collection":[{"href":"https:\/\/www.texen.com\/en\/wp-json\/wp\/v2\/pages"}],"about":[{"href":"https:\/\/www.texen.com\/en\/wp-json\/wp\/v2\/types\/page"}],"author":[{"embeddable":true,"href":"https:\/\/www.texen.com\/en\/wp-json\/wp\/v2\/users\/8"}],"replies":[{"embeddable":true,"href":"https:\/\/www.texen.com\/en\/wp-json\/wp\/v2\/comments?post=754"}],"version-history":[{"count":16,"href":"https:\/\/www.texen.com\/en\/wp-json\/wp\/v2\/pages\/754\/revisions"}],"predecessor-version":[{"id":6853,"href":"https:\/\/www.texen.com\/en\/wp-json\/wp\/v2\/pages\/754\/revisions\/6853"}],"up":[{"embeddable":true,"href":"https:\/\/www.texen.com\/en\/wp-json\/wp\/v2\/pages\/514"}],"wp:attachment":[{"href":"https:\/\/www.texen.com\/en\/wp-json\/wp\/v2\/media?parent=754"}],"curies":[{"name":"wp","href":"https:\/\/api.w.org\/{rel}","templated":true}]}}