{"id":763,"date":"2021-01-25T17:57:28","date_gmt":"2021-01-25T16:57:28","guid":{"rendered":"https:\/\/www.texen.com\/?page_id=763"},"modified":"2024-11-14T15:12:32","modified_gmt":"2024-11-14T14:12:32","slug":"standards-de-rose","status":"publish","type":"page","link":"https:\/\/www.texen.com\/en\/nos-marches\/nos-standards\/standards-de-rose\/","title":{"rendered":"Capots &amp; pots"},"content":{"rendered":"","protected":false},"excerpt":{"rendered":"","protected":false},"author":8,"featured_media":0,"parent":514,"menu_order":0,"comment_status":"closed","ping_status":"closed","template":"templates\/template-produits-case-study.php","meta":{"_acf_changed":false,"inline_featured_image":false,"footnotes":""},"class_list":["post-763","page","type-page","status-publish","hentry"],"acf":{"chapeau":"","apercu_img":237,"articles":[{"acf_fc_layout":"bloc_texte","texte":"<p>100 % made in France, cette collection permet aux marques de cosm\u00e9tique et dermo-cosm\u00e9tique de mener des d\u00e9veloppements courts, \u00e9conomiques et qualitatifs.<\/p>\n<p>Cette collection comprend des gammes compl\u00e8tes de capsules, couvercles et pots standards (contenance de 7 \u00e0 200 ml) dont une ligne de capsules \u00e9co-con\u00e7ues en tout PP recycl\u00e9, \u00ab Move to Recycle ! \u00bb. Sur 6 crit\u00e8res environnementaux cibl\u00e9s, le logiciel d\u2019analyse de cycle de vie utilis\u00e9 par Texen montre une optimisation de l\u2019impact environnemental notamment une r\u00e9duction de 32 % au niveau de l\u2019\u00e9puisement des ressources non renouvelables. Pour garantir le contact alimentaire, ces capsules sont pourvues d\u2019un joint \u00ab\u2009food contact\u2009\u00bb.<\/p>\n<p>Texen assure l\u2019injection, l\u2019assemblage et la d\u00e9coration de ces produits standards.<\/p>\n<p><a href=\"https:\/\/www.standards-de-rose.com\/\"><button class=\"wysiwyg-btn btn btn-action btn-animate\">Standards de rose<\/button><\/a><\/p>\n<h2>Gamme de capsules et pots des Standards de Rose<\/h2>\n<h2>Move to Recycle !<\/h2>\n<p><img loading=\"lazy\" decoding=\"async\" class=\"alignnone wp-image-764 size-large\" src=\"http:\/\/www.psb-industries.com\/app\/uploads\/sites\/2\/2021\/01\/Standards-de-Rose-Move-to-recycle-by-Texen-1024x683.jpg\" alt=\"\" width=\"640\" height=\"427\" srcset=\"https:\/\/www.texen.com\/app\/uploads\/2021\/01\/Standards-de-Rose-Move-to-recycle-by-Texen-1024x683.jpg 1024w, https:\/\/www.texen.com\/app\/uploads\/2021\/01\/Standards-de-Rose-Move-to-recycle-by-Texen-300x200.jpg 300w, https:\/\/www.texen.com\/app\/uploads\/2021\/01\/Standards-de-Rose-Move-to-recycle-by-Texen-768x512.jpg 768w, https:\/\/www.texen.com\/app\/uploads\/2021\/01\/Standards-de-Rose-Move-to-recycle-by-Texen-1536x1024.jpg 1536w, https:\/\/www.texen.com\/app\/uploads\/2021\/01\/Standards-de-Rose-Move-to-recycle-by-Texen-2048x1365.jpg 2048w\" sizes=\"auto, (max-width: 640px) 100vw, 640px\" \/><\/p>\n<p>&nbsp;<\/p>\n<p>&nbsp;<\/p>\n"}],"actualites":"","push_pages":[{"texte_push":"Nos march\u00e9s","page":"https:\/\/www.texen.com\/en\/markets-offer\/"},{"texte_push":"La collection Be Green","page":"https:\/\/www.texen.com\/en\/nos-marches\/nos-standards\/collection-be-green\/"}],"header-img":6545,"titre_page":"Standards de Rose","texte_intro":"<p>100 % made in France, cette collection permet aux marques de cosm\u00e9tique et dermo-cosm\u00e9tique de mener des d\u00e9veloppements courts, \u00e9conomiques et qualitatifs.<\/p>\n<p>Cette collection comprend des gammes compl\u00e8tes de capsules, couvercles et pots standards (contenance de 7 \u00e0 200 ml) dont une ligne de capsules \u00e9co-con\u00e7ues en tout PP recycl\u00e9, \u00ab Move to Recycle ! \u00bb. Sur 6 crit\u00e8res environnementaux cibl\u00e9s, le logiciel d\u2019analyse de cycle de vie utilis\u00e9 par Texen montre une optimisation de l\u2019impact environnemental notamment une r\u00e9duction de 32 % au niveau de l\u2019\u00e9puisement des ressources non renouvelables. Pour garantir le contact alimentaire, ces capsules sont pourvues d\u2019un joint \u00ab\u2009food contact\u2009\u00bb.<\/p>\n<p>Texen assure l\u2019injection, l\u2019assemblage et la d\u00e9coration de ces produits standards.<\/p>\n<p><a href=\"https:\/\/www.standards-de-rose.com\/\"><button class=\"wysiwyg-btn btn btn-action btn-animate\">INFORMATIONS TECHNIQUES<\/button><\/a><\/p>\n","etapes":[{"titre_du_bloc":"rePOP","image":"https:\/\/www.texen.com\/app\/uploads\/2023\/09\/mise-en-sc\u00e8ne-pots-avec-logo-002.png","texte":"rePOP, le pot rechargeable 50ml : un pot \u00e0 paroi semi-plate avec un syst\u00e8me de recharge intuitif, fabriqu\u00e9 en France. \r\nExiste aussi en mati\u00e8re recycl\u00e9e."},{"titre_du_bloc":"Gamme de capsules et pots des Standards de Rose ","image":"https:\/\/www.texen.com\/app\/uploads\/2021\/02\/Standards-de-Rose-by-Texen.png","texte":"    "},{"titre_du_bloc":"Move to Recycle !","image":"https:\/\/www.texen.com\/app\/uploads\/2021\/01\/Standards-de-Rose-Move-to-recycle-by-Texen-scaled.jpg","texte":" "},{"titre_du_bloc":"Gamme de pots","image":"https:\/\/www.texen.com\/app\/uploads\/2022\/11\/Jar-range-scaled.jpg","texte":" "},{"titre_du_bloc":"Pot rechargeable","image":"https:\/\/www.texen.com\/app\/uploads\/2023\/03\/Refillable-jar-scaled.jpg","texte":" "}]},"yoast_head":"<!-- This site is optimized with the Yoast SEO plugin v27.5 - https:\/\/yoast.com\/product\/yoast-seo-wordpress\/ -->\n<title>Capots &amp; pots - Texen<\/title>\n<meta name=\"robots\" content=\"index, follow, max-snippet:-1, max-image-preview:large, max-video-preview:-1\" \/>\n<link rel=\"canonical\" href=\"https:\/\/www.texen.com\/nos-marches\/nos-standards\/standards-de-rose\/\" \/>\n<meta property=\"og:locale\" content=\"en_US\" \/>\n<meta property=\"og:type\" content=\"article\" \/>\n<meta property=\"og:title\" content=\"Capots &amp; pots - Texen\" \/>\n<meta property=\"og:url\" content=\"https:\/\/www.texen.com\/nos-marches\/nos-standards\/standards-de-rose\/\" \/>\n<meta property=\"og:site_name\" content=\"Texen\" \/>\n<meta property=\"article:modified_time\" content=\"2024-11-14T14:12:32+00:00\" \/>\n<meta name=\"twitter:card\" content=\"summary_large_image\" \/>\n<script type=\"application\/ld+json\" class=\"yoast-schema-graph\">{\"@context\":\"https:\\\/\\\/schema.org\",\"@graph\":[{\"@type\":\"WebPage\",\"@id\":\"https:\\\/\\\/www.texen.com\\\/nos-marches\\\/nos-standards\\\/standards-de-rose\\\/\",\"url\":\"https:\\\/\\\/www.texen.com\\\/nos-marches\\\/nos-standards\\\/standards-de-rose\\\/\",\"name\":\"Capots &amp; pots - Texen\",\"isPartOf\":{\"@id\":\"https:\\\/\\\/www.texen.com\\\/#website\"},\"datePublished\":\"2021-01-25T16:57:28+00:00\",\"dateModified\":\"2024-11-14T14:12:32+00:00\",\"breadcrumb\":{\"@id\":\"https:\\\/\\\/www.texen.com\\\/nos-marches\\\/nos-standards\\\/standards-de-rose\\\/#breadcrumb\"},\"inLanguage\":\"en-US\",\"potentialAction\":[{\"@type\":\"ReadAction\",\"target\":[\"https:\\\/\\\/www.texen.com\\\/nos-marches\\\/nos-standards\\\/standards-de-rose\\\/\"]}]},{\"@type\":\"BreadcrumbList\",\"@id\":\"https:\\\/\\\/www.texen.com\\\/nos-marches\\\/nos-standards\\\/standards-de-rose\\\/#breadcrumb\",\"itemListElement\":[{\"@type\":\"ListItem\",\"position\":1,\"name\":\"March\u00e9s &amp; Offre\",\"item\":\"https:\\\/\\\/www.texen.com\\\/nos-marches\\\/\"},{\"@type\":\"ListItem\",\"position\":2,\"name\":\"Produits standards\",\"item\":\"https:\\\/\\\/www.texen.com\\\/nos-marches\\\/nos-standards\\\/\"},{\"@type\":\"ListItem\",\"position\":3,\"name\":\"Capots &amp; pots\"}]},{\"@type\":\"WebSite\",\"@id\":\"https:\\\/\\\/www.texen.com\\\/#website\",\"url\":\"https:\\\/\\\/www.texen.com\\\/\",\"name\":\"Texen\",\"description\":\"Un site utilisant Les sites de PSB-Industries\",\"publisher\":{\"@id\":\"https:\\\/\\\/www.texen.com\\\/#organization\"},\"potentialAction\":[{\"@type\":\"SearchAction\",\"target\":{\"@type\":\"EntryPoint\",\"urlTemplate\":\"https:\\\/\\\/www.texen.com\\\/?s={search_term_string}\"},\"query-input\":{\"@type\":\"PropertyValueSpecification\",\"valueRequired\":true,\"valueName\":\"search_term_string\"}}],\"inLanguage\":\"en-US\"},{\"@type\":\"Organization\",\"@id\":\"https:\\\/\\\/www.texen.com\\\/#organization\",\"name\":\"Texen\",\"url\":\"https:\\\/\\\/www.texen.com\\\/\",\"logo\":{\"@type\":\"ImageObject\",\"inLanguage\":\"en-US\",\"@id\":\"https:\\\/\\\/www.texen.com\\\/#\\\/schema\\\/logo\\\/image\\\/\",\"url\":\"https:\\\/\\\/www.texen.com\\\/app\\\/uploads\\\/2026\\\/03\\\/cropped-cropped-Capture-decran-2026-03-30-101410-1-1.jpg\",\"contentUrl\":\"https:\\\/\\\/www.texen.com\\\/app\\\/uploads\\\/2026\\\/03\\\/cropped-cropped-Capture-decran-2026-03-30-101410-1-1.jpg\",\"width\":1200,\"height\":156,\"caption\":\"Texen\"},\"image\":{\"@id\":\"https:\\\/\\\/www.texen.com\\\/#\\\/schema\\\/logo\\\/image\\\/\"}}]}<\/script>\n<!-- \/ Yoast SEO plugin. -->","yoast_head_json":{"title":"Capots &amp; pots - Texen","robots":{"index":"index","follow":"follow","max-snippet":"max-snippet:-1","max-image-preview":"max-image-preview:large","max-video-preview":"max-video-preview:-1"},"canonical":"https:\/\/www.texen.com\/nos-marches\/nos-standards\/standards-de-rose\/","og_locale":"en_US","og_type":"article","og_title":"Capots &amp; pots - Texen","og_url":"https:\/\/www.texen.com\/nos-marches\/nos-standards\/standards-de-rose\/","og_site_name":"Texen","article_modified_time":"2024-11-14T14:12:32+00:00","twitter_card":"summary_large_image","schema":{"@context":"https:\/\/schema.org","@graph":[{"@type":"WebPage","@id":"https:\/\/www.texen.com\/nos-marches\/nos-standards\/standards-de-rose\/","url":"https:\/\/www.texen.com\/nos-marches\/nos-standards\/standards-de-rose\/","name":"Capots &amp; pots - Texen","isPartOf":{"@id":"https:\/\/www.texen.com\/#website"},"datePublished":"2021-01-25T16:57:28+00:00","dateModified":"2024-11-14T14:12:32+00:00","breadcrumb":{"@id":"https:\/\/www.texen.com\/nos-marches\/nos-standards\/standards-de-rose\/#breadcrumb"},"inLanguage":"en-US","potentialAction":[{"@type":"ReadAction","target":["https:\/\/www.texen.com\/nos-marches\/nos-standards\/standards-de-rose\/"]}]},{"@type":"BreadcrumbList","@id":"https:\/\/www.texen.com\/nos-marches\/nos-standards\/standards-de-rose\/#breadcrumb","itemListElement":[{"@type":"ListItem","position":1,"name":"March\u00e9s &amp; Offre","item":"https:\/\/www.texen.com\/nos-marches\/"},{"@type":"ListItem","position":2,"name":"Produits standards","item":"https:\/\/www.texen.com\/nos-marches\/nos-standards\/"},{"@type":"ListItem","position":3,"name":"Capots &amp; pots"}]},{"@type":"WebSite","@id":"https:\/\/www.texen.com\/#website","url":"https:\/\/www.texen.com\/","name":"Texen","description":"Un site utilisant Les sites de PSB-Industries","publisher":{"@id":"https:\/\/www.texen.com\/#organization"},"potentialAction":[{"@type":"SearchAction","target":{"@type":"EntryPoint","urlTemplate":"https:\/\/www.texen.com\/?s={search_term_string}"},"query-input":{"@type":"PropertyValueSpecification","valueRequired":true,"valueName":"search_term_string"}}],"inLanguage":"en-US"},{"@type":"Organization","@id":"https:\/\/www.texen.com\/#organization","name":"Texen","url":"https:\/\/www.texen.com\/","logo":{"@type":"ImageObject","inLanguage":"en-US","@id":"https:\/\/www.texen.com\/#\/schema\/logo\/image\/","url":"https:\/\/www.texen.com\/app\/uploads\/2026\/03\/cropped-cropped-Capture-decran-2026-03-30-101410-1-1.jpg","contentUrl":"https:\/\/www.texen.com\/app\/uploads\/2026\/03\/cropped-cropped-Capture-decran-2026-03-30-101410-1-1.jpg","width":1200,"height":156,"caption":"Texen"},"image":{"@id":"https:\/\/www.texen.com\/#\/schema\/logo\/image\/"}}]}},"_links":{"self":[{"href":"https:\/\/www.texen.com\/en\/wp-json\/wp\/v2\/pages\/763","targetHints":{"allow":["GET"]}}],"collection":[{"href":"https:\/\/www.texen.com\/en\/wp-json\/wp\/v2\/pages"}],"about":[{"href":"https:\/\/www.texen.com\/en\/wp-json\/wp\/v2\/types\/page"}],"author":[{"embeddable":true,"href":"https:\/\/www.texen.com\/en\/wp-json\/wp\/v2\/users\/8"}],"replies":[{"embeddable":true,"href":"https:\/\/www.texen.com\/en\/wp-json\/wp\/v2\/comments?post=763"}],"version-history":[{"count":17,"href":"https:\/\/www.texen.com\/en\/wp-json\/wp\/v2\/pages\/763\/revisions"}],"predecessor-version":[{"id":6855,"href":"https:\/\/www.texen.com\/en\/wp-json\/wp\/v2\/pages\/763\/revisions\/6855"}],"up":[{"embeddable":true,"href":"https:\/\/www.texen.com\/en\/wp-json\/wp\/v2\/pages\/514"}],"wp:attachment":[{"href":"https:\/\/www.texen.com\/en\/wp-json\/wp\/v2\/media?parent=763"}],"curies":[{"name":"wp","href":"https:\/\/api.w.org\/{rel}","templated":true}]}}